{"id":9650,"date":"2026-02-13T12:45:28","date_gmt":"2026-02-13T10:45:28","guid":{"rendered":"https:\/\/mv-rad.de\/?page_id=9650"},"modified":"2026-02-15T11:27:54","modified_gmt":"2026-02-15T09:27:54","slug":"gruene-woche-2026","status":"publish","type":"page","link":"https:\/\/mv-rad.de\/en_gb\/gruene-woche-2026\/","title":{"rendered":"Gr\u00fcne Woche 2026"},"content":{"rendered":"<p>[et_pb_section fb_built=&#8220;1&#8243; custom_padding_last_edited=&#8220;on|phone&#8220; admin_label=&#8220;Header&#8220; _builder_version=&#8220;4.27.5&#8243; _module_preset=&#8220;default&#8220; use_background_color_gradient=&#8220;on&#8220; background_color_gradient_stops=&#8220;rgba(0,0,0,0) 0%|rgba(2,2,0,0.13) 100%&#8220; background_color_gradient_overlays_image=&#8220;on&#8220; background_color_gradient_start=&#8220;rgba(0,0,0,0)&#8220; background_color_gradient_end=&#8220;rgba(2,2,0,0.13)&#8220; background_image=&#8220;https:\/\/mv-rad.de\/wp-content\/uploads\/2026\/02\/GW26-MV-Rad-Stand-mit-Sparkasse-01l-Ausschnitt2.jpeg&#8220; custom_padding=&#8220;120px||120px||true|false&#8220; custom_padding_tablet=&#8220;100px||100px||true|false&#8220; custom_padding_phone=&#8220;80px||80px||true|false&#8220; background_color_gradient_start_position_tablet=&#8220;100%&#8220; background_color_gradient_start_position_phone=&#8220;100%&#8220; background_color_gradient_end_position_tablet=&#8220;100%&#8220; background_color_gradient_end_position_phone=&#8220;100%&#8220; locked=&#8220;off&#8220; global_colors_info=&#8220;{}&#8220;][et_pb_row _builder_version=&#8220;4.16&#8243; _module_preset=&#8220;default&#8220; global_colors_info=&#8220;{}&#8220;][et_pb_column type=&#8220;4_4&#8243; _builder_version=&#8220;4.16&#8243; _module_preset=&#8220;default&#8220; global_colors_info=&#8220;{}&#8220;][et_pb_text _builder_version=&#8220;4.27.5&#8243; _module_preset=&#8220;d72c0383-6487-4f2c-ac5c-7d48a6376757&#8243; header_font=&#8220;Playfair Display||||||||&#8220; header_text_align=&#8220;left&#8220; header_text_color=&#8220;#1c4982&#8243; header_font_size=&#8220;113px&#8220; background_color=&#8220;rgba(255,255,255,0.5)&#8220; width=&#8220;92%&#8220; width_tablet=&#8220;55%&#8220; width_phone=&#8220;72%&#8220; width_last_edited=&#8220;on|phone&#8220; height=&#8220;140px&#8220; height_tablet=&#8220;170px&#8220; height_phone=&#8220;60px&#8220; height_last_edited=&#8220;on|phone&#8220; custom_margin=&#8220;||0px||false|false&#8220; custom_padding=&#8220;0px|0px|0px|20px|false|false&#8220; custom_padding_tablet=&#8220;&#8220; custom_padding_phone=&#8220;5px||0px|20px|false|false&#8220; custom_padding_last_edited=&#8220;on|phone&#8220; animation_direction=&#8220;top&#8220; header_font_size_tablet=&#8220;10vw&#8220; header_font_size_phone=&#8220;&#8220; header_font_size_last_edited=&#8220;on|phone&#8220; header_text_shadow_style=&#8220;preset1&#8243; header_text_shadow_horizontal_length=&#8220;0.02em&#8220; header_text_shadow_vertical_length=&#8220;0.01em&#8220; header_text_shadow_blur_strength=&#8220;0.04em&#8220; header_text_shadow_color=&#8220;rgba(0,0,0,0.15)&#8220; global_colors_info=&#8220;{}&#8220; custom_margin__hover_enabled=&#8220;off|desktop&#8220;]<\/p>\n<h1>Gr\u00fcne Woche 2026<\/h1>\n<p>&nbsp;<\/p>\n<p>&nbsp;<\/p>\n<p>[\/et_pb_text][\/et_pb_column][\/et_pb_row][\/et_pb_section][et_pb_section fb_built=&#8220;1&#8243; admin_label=&#8220;Text&#8220; _builder_version=&#8220;4.16&#8243; _module_preset=&#8220;default&#8220; custom_margin=&#8220;||11px|||&#8220; custom_padding=&#8220;||0px|||&#8220; locked=&#8220;off&#8220; global_colors_info=&#8220;{}&#8220;][et_pb_row _builder_version=&#8220;4.16&#8243; _module_preset=&#8220;default&#8220; max_width=&#8220;720px&#8220; min_height=&#8220;153.6px&#8220; custom_padding=&#8220;||0px|||&#8220; global_colors_info=&#8220;{}&#8220;][et_pb_column type=&#8220;4_4&#8243; _builder_version=&#8220;4.16&#8243; _module_preset=&#8220;default&#8220; global_colors_info=&#8220;{}&#8220;][et_pb_text _builder_version=&#8220;4.27.5&#8243; _module_preset=&#8220;3a5fa9a7-7987-4564-89a5-37b87a5b6ad8&#8243; header_font=&#8220;||||||||&#8220; header_3_font=&#8220;Playfair Display|700|||||||&#8220; header_3_font_size=&#8220;25px&#8220; header_3_line_height=&#8220;1.6em&#8220; text_orientation=&#8220;center&#8220; custom_margin=&#8220;||66px|||&#8220; header_3_font_size_tablet=&#8220;20px&#8220; header_3_font_size_phone=&#8220;16px&#8220; header_3_font_size_last_edited=&#8220;on|desktop&#8220; locked=&#8220;off&#8220; global_colors_info=&#8220;{}&#8220;]<\/p>\n<h3>Die Firma MV-Rad war bei der Internationalen Gr\u00fcnen Woche vom 15. bis 24. Januar 2026 als Aussteller in der Mecklenburg-Vorpommern Halle (5.2 B) vertreten.<\/h3>\n<p>[\/et_pb_text][\/et_pb_column][\/et_pb_row][\/et_pb_section][et_pb_section fb_built=&#8220;1&#8243; _builder_version=&#8220;4.27.4&#8243; _module_preset=&#8220;default&#8220; min_height=&#8220;611.3px&#8220; global_colors_info=&#8220;{}&#8220;][et_pb_row column_structure=&#8220;1_2,1_2&#8243; _builder_version=&#8220;4.27.5&#8243; _module_preset=&#8220;default&#8220; global_colors_info=&#8220;{}&#8220;][et_pb_column type=&#8220;1_2&#8243; _builder_version=&#8220;4.27.4&#8243; _module_preset=&#8220;default&#8220; global_colors_info=&#8220;{}&#8220;][et_pb_blurb image=&#8220;https:\/\/mv-rad.de\/wp-content\/uploads\/2026\/02\/GW26-Manuela-Schwesig-02a-scaled.jpeg&#8220; _builder_version=&#8220;4.27.5&#8243; _module_preset=&#8220;default&#8220; global_colors_info=&#8220;{}&#8220;]<\/p>\n<p>Die Ministerpr\u00e4sidentin von Mecklenburg-Vorpommern Manuela Schwesig l\u00e4sst sich vom Gesch\u00e4ftsf\u00fchrer von MV-Rad Axel Bellinger das Konzept des f\u00fchrenden Fahrrad-Verleihsystems des Landes erkl\u00e4ren.<\/p>\n<p>[\/et_pb_blurb][\/et_pb_column][et_pb_column type=&#8220;1_2&#8243; _builder_version=&#8220;4.27.4&#8243; _module_preset=&#8220;default&#8220; global_colors_info=&#8220;{}&#8220;][et_pb_blurb image=&#8220;https:\/\/mv-rad.de\/wp-content\/uploads\/2026\/02\/GW26-Roadrunner-Stand-mit-Daniel-Peters-CDU-scaled.jpeg&#8220; _builder_version=&#8220;4.27.5&#8243; _module_preset=&#8220;default&#8220; global_colors_info=&#8220;{}&#8220;]<\/p>\n<p>Der Landesvorsitzende der CDU Mecklenburg-Vorpommern und Vorsitzender der CDU-Fraktion im Landtag Daniel Peters und Axel Bellinger auf einem MV-Rad Road Runner.<\/p>\n<p>[\/et_pb_blurb][\/et_pb_column][\/et_pb_row][et_pb_row column_structure=&#8220;1_3,1_3,1_3&#8243; _builder_version=&#8220;4.27.4&#8243; _module_preset=&#8220;default&#8220; global_colors_info=&#8220;{}&#8220;][et_pb_column type=&#8220;1_3&#8243; _builder_version=&#8220;4.27.4&#8243; _module_preset=&#8220;default&#8220; global_colors_info=&#8220;{}&#8220;][et_pb_blurb image=&#8220;https:\/\/mv-rad.de\/wp-content\/uploads\/2026\/02\/GW26-MV-Rad-Stand-Immpressionen-01a-scaled.jpeg&#8220; _builder_version=&#8220;4.27.5&#8243; _module_preset=&#8220;default&#8220; global_colors_info=&#8220;{}&#8220;]<\/p>\n<p>Reges Treiben in der Messehalle des Landes Mecklenburg-Vorpommern und am Messestand von MV-Rad.<\/p>\n<p>[\/et_pb_blurb][\/et_pb_column][et_pb_column type=&#8220;1_3&#8243; _builder_version=&#8220;4.27.4&#8243; _module_preset=&#8220;default&#8220; global_colors_info=&#8220;{}&#8220;][et_pb_blurb image=&#8220;https:\/\/mv-rad.de\/wp-content\/uploads\/2026\/02\/GW26-Patrick-Dahlemann-MV-Rad-01e.jpg&#8220; _builder_version=&#8220;4.27.5&#8243; _module_preset=&#8220;default&#8220; global_colors_info=&#8220;{}&#8220;]<\/p>\n<p>Der Chef der Staatskanzlei Patrick Dahlemann im Gespr\u00e4ch mit Axel Bellinger auf dem MV-Rad Ausstellungsstand.<\/p>\n<p>[\/et_pb_blurb][\/et_pb_column][et_pb_column type=&#8220;1_3&#8243; _builder_version=&#8220;4.27.4&#8243; _module_preset=&#8220;default&#8220; global_colors_info=&#8220;{}&#8220;][et_pb_blurb image=&#8220;https:\/\/mv-rad.de\/wp-content\/uploads\/2026\/02\/GW26-Thomas-Hummel-01a-scaled.jpeg&#8220; _builder_version=&#8220;4.27.5&#8243; _module_preset=&#8220;default&#8220; global_colors_info=&#8220;{}&#8220;]<\/p>\n<p>Der Intendant des Usedomer Musikfestival Thomas Hummel ist fasziniert von dem Stand und zeigt auf die MV-Rad Sonne.<\/p>\n<p>[\/et_pb_blurb][\/et_pb_column][\/et_pb_row][et_pb_row column_structure=&#8220;1_2,1_2&#8243; _builder_version=&#8220;4.27.5&#8243; _module_preset=&#8220;default&#8220; global_colors_info=&#8220;{}&#8220;][et_pb_column type=&#8220;1_2&#8243; _builder_version=&#8220;4.27.4&#8243; _module_preset=&#8220;default&#8220; global_colors_info=&#8220;{}&#8220;][et_pb_blurb image=&#8220;https:\/\/mv-rad.de\/wp-content\/uploads\/2026\/02\/GW26-Landrat-Stefan-Kerth-Vorpommern-Ruegen-01c-scaled.jpeg&#8220; _builder_version=&#8220;4.27.5&#8243; _module_preset=&#8220;default&#8220; global_colors_info=&#8220;{}&#8220;]<\/p>\n<p>Der Landrat von Vorpommern-R\u00fcgen Stefan Kerth im lockeren Gespr\u00e4ch mit Axel Bellinger.<\/p>\n<p>[\/et_pb_blurb][\/et_pb_column][et_pb_column type=&#8220;1_2&#8243; _builder_version=&#8220;4.27.4&#8243; _module_preset=&#8220;default&#8220; global_colors_info=&#8220;{}&#8220;][et_pb_blurb image=&#8220;https:\/\/mv-rad.de\/wp-content\/uploads\/2026\/02\/GW26-MV-Rad-Stand-Immpressionen-Landkreis-VG-01e-scaled.jpeg&#8220; _builder_version=&#8220;4.27.5&#8243; _module_preset=&#8220;default&#8220; global_colors_info=&#8220;{}&#8220;]<\/p>\n<p>Gemeinschaftsfoto von Ausstellern und Mitarbeitern des Landkreises Vorpommern-Greifswald<\/p>\n<p>[\/et_pb_blurb][\/et_pb_column][\/et_pb_row][et_pb_row column_structure=&#8220;1_3,1_3,1_3&#8243; _builder_version=&#8220;4.27.4&#8243; _module_preset=&#8220;default&#8220; global_colors_info=&#8220;{}&#8220;][et_pb_column type=&#8220;1_3&#8243; _builder_version=&#8220;4.27.4&#8243; _module_preset=&#8220;default&#8220; global_colors_info=&#8220;{}&#8220;][et_pb_blurb image=&#8220;https:\/\/mv-rad.de\/wp-content\/uploads\/2026\/02\/GW26-Roadrunner-Stand-mit-Fabian-Feldt-01a-scaled.jpeg&#8220; _builder_version=&#8220;4.27.5&#8243; _module_preset=&#8220;default&#8220; global_colors_info=&#8220;{}&#8220;]<\/p>\n<p>Fabian Feldt auf einem MV-Rad Road Runner<\/p>\n<p>[\/et_pb_blurb][\/et_pb_column][et_pb_column type=&#8220;1_3&#8243; _builder_version=&#8220;4.27.4&#8243; _module_preset=&#8220;default&#8220; global_colors_info=&#8220;{}&#8220;][et_pb_blurb image=&#8220;https:\/\/mv-rad.de\/wp-content\/uploads\/2026\/02\/GW26-Patrick-Dahlemann-MV-Rad-01a.jpg&#8220; _builder_version=&#8220;4.27.5&#8243; _module_preset=&#8220;default&#8220; global_colors_info=&#8220;{}&#8220;]<\/p>\n<p>Viel Gespr\u00e4chsstoff haben Patrick Dahlemann und Axel Bellinger<\/p>\n<p>[\/et_pb_blurb][\/et_pb_column][et_pb_column type=&#8220;1_3&#8243; _builder_version=&#8220;4.27.4&#8243; _module_preset=&#8220;default&#8220; global_colors_info=&#8220;{}&#8220;][et_pb_blurb image=&#8220;https:\/\/mv-rad.de\/wp-content\/uploads\/2026\/02\/GW26-Looly-Pop-b-scaled.jpeg&#8220; _builder_version=&#8220;4.27.5&#8243; _module_preset=&#8220;default&#8220; global_colors_info=&#8220;{}&#8220;]<\/p>\n<p>Lolly Pop der Seetel Hotels, Premiumpartner auf dem MV-Rad Stand<\/p>\n<p>[\/et_pb_blurb][\/et_pb_column][\/et_pb_row][et_pb_row column_structure=&#8220;1_2,1_2&#8243; _builder_version=&#8220;4.27.5&#8243; _module_preset=&#8220;default&#8220; global_colors_info=&#8220;{}&#8220;][et_pb_column type=&#8220;1_2&#8243; _builder_version=&#8220;4.27.4&#8243; _module_preset=&#8220;default&#8220; global_colors_info=&#8220;{}&#8220;][et_pb_blurb image=&#8220;https:\/\/mv-rad.de\/wp-content\/uploads\/2026\/02\/GW26-Landtagsabgeordnete-CDU-01c-scaled.jpeg&#8220; _builder_version=&#8220;4.27.5&#8243; _module_preset=&#8220;default&#8220; global_colors_info=&#8220;{}&#8220;]<\/p>\n<p>Landtagsabgeordnete der CDU im Belastungstest<\/p>\n<p>[\/et_pb_blurb][\/et_pb_column][et_pb_column type=&#8220;1_2&#8243; _builder_version=&#8220;4.27.4&#8243; _module_preset=&#8220;default&#8220; global_colors_info=&#8220;{}&#8220;][et_pb_blurb image=&#8220;https:\/\/mv-rad.de\/wp-content\/uploads\/2026\/02\/GW26-MV-Rad-Stand-01f.jpeg&#8220; _builder_version=&#8220;4.27.5&#8243; _module_preset=&#8220;default&#8220; global_colors_info=&#8220;{}&#8220;]<\/p>\n<p>Der Greif im Bereich der MV-Rad Road Runner.<\/p>\n<p>[\/et_pb_blurb][\/et_pb_column][\/et_pb_row][et_pb_row column_structure=&#8220;1_2,1_2&#8243; _builder_version=&#8220;4.27.5&#8243; _module_preset=&#8220;default&#8220; global_colors_info=&#8220;{}&#8220;][et_pb_column type=&#8220;1_2&#8243; _builder_version=&#8220;4.27.4&#8243; _module_preset=&#8220;default&#8220; global_colors_info=&#8220;{}&#8220;][et_pb_blurb image=&#8220;https:\/\/mv-rad.de\/wp-content\/uploads\/2026\/02\/GW26-MV-Rad-Buehnenwerbung-01c.jpeg&#8220; _builder_version=&#8220;4.27.5&#8243; _module_preset=&#8220;default&#8220; global_colors_info=&#8220;{}&#8220;]<\/p>\n<p>MV-Rad B\u00fchnenwerbung &#8211; eine sch\u00f6ne Einladung nach Usedom<\/p>\n<p>[\/et_pb_blurb][\/et_pb_column][et_pb_column type=&#8220;1_2&#8243; _builder_version=&#8220;4.27.4&#8243; _module_preset=&#8220;default&#8220; global_colors_info=&#8220;{}&#8220;][et_pb_blurb image=&#8220;https:\/\/mv-rad.de\/wp-content\/uploads\/2026\/02\/GW26-Aussteller-Party-01b-scaled.jpeg&#8220; _builder_version=&#8220;4.27.5&#8243; _module_preset=&#8220;default&#8220; global_colors_info=&#8220;{}&#8220;]<\/p>\n<p>Fr\u00f6hlichkeit und Kennenlernen auf der abendlichen Aussteller Party<\/p>\n<p>[\/et_pb_blurb][\/et_pb_column][\/et_pb_row][et_pb_row column_structure=&#8220;1_3,1_3,1_3&#8243; _builder_version=&#8220;4.27.4&#8243; _module_preset=&#8220;default&#8220; global_colors_info=&#8220;{}&#8220;][et_pb_column type=&#8220;1_3&#8243; _builder_version=&#8220;4.27.4&#8243; _module_preset=&#8220;default&#8220; global_colors_info=&#8220;{}&#8220;][et_pb_blurb image=&#8220;https:\/\/mv-rad.de\/wp-content\/uploads\/2026\/02\/GW26-Markus-Sharon-01d-scaled.jpeg&#8220; _builder_version=&#8220;4.27.5&#8243; _module_preset=&#8220;default&#8220; global_colors_info=&#8220;{}&#8220;]<\/p>\n<p>Hoteldirektor Marcus Scharon &#8211; ein guter Freund von Axel Bellinger<\/p>\n<p>[\/et_pb_blurb][\/et_pb_column][et_pb_column type=&#8220;1_3&#8243; _builder_version=&#8220;4.27.4&#8243; _module_preset=&#8220;default&#8220; global_colors_info=&#8220;{}&#8220;][et_pb_blurb image=&#8220;https:\/\/mv-rad.de\/wp-content\/uploads\/2026\/02\/MV-Rad-Banner-01a-rotated.jpeg&#8220; _builder_version=&#8220;4.27.5&#8243; _module_preset=&#8220;default&#8220; global_colors_info=&#8220;{}&#8220;]<\/p>\n<p>Aktueller MV-Rad Flyer &#8211; Vorderseite<\/p>\n<p>[\/et_pb_blurb][\/et_pb_column][et_pb_column type=&#8220;1_3&#8243; _builder_version=&#8220;4.27.4&#8243; _module_preset=&#8220;default&#8220; global_colors_info=&#8220;{}&#8220;][et_pb_blurb image=&#8220;https:\/\/mv-rad.de\/wp-content\/uploads\/2026\/02\/MV-Rad-Banner-01e-rotated.jpeg&#8220; _builder_version=&#8220;4.27.5&#8243; _module_preset=&#8220;default&#8220; global_colors_info=&#8220;{}&#8220;]<\/p>\n<p>Aktueller MV-Rad Flyer &#8211; R\u00fcckseite<\/p>\n<p>[\/et_pb_blurb][\/et_pb_column][\/et_pb_row][et_pb_row column_structure=&#8220;1_2,1_2&#8243; _builder_version=&#8220;4.27.5&#8243; _module_preset=&#8220;default&#8220; global_colors_info=&#8220;{}&#8220;][et_pb_column type=&#8220;1_2&#8243; _builder_version=&#8220;4.27.4&#8243; _module_preset=&#8220;default&#8220; global_colors_info=&#8220;{}&#8220;][et_pb_blurb image=&#8220;https:\/\/mv-rad.de\/wp-content\/uploads\/2026\/02\/GW26-MV-Rad-Stand-mit-Sparkasse-01f-scaled.jpeg&#8220; _builder_version=&#8220;4.27.5&#8243; _module_preset=&#8220;default&#8220; global_colors_info=&#8220;{}&#8220;]<\/p>\n<p>Auch die Sparkasse Vorpommern, ein weiterer Premium Partner, mit der Beach-Flag auf dem Stand pr\u00e4sent.<\/p>\n<p>[\/et_pb_blurb][\/et_pb_column][et_pb_column type=&#8220;1_2&#8243; _builder_version=&#8220;4.27.4&#8243; _module_preset=&#8220;default&#8220; global_colors_info=&#8220;{}&#8220;][et_pb_blurb image=&#8220;https:\/\/mv-rad.de\/wp-content\/uploads\/2026\/02\/GW26-Roadrunner-Stand-mit-Christian-Witt-Tischlerei01c-scaled.jpeg&#8220; _builder_version=&#8220;4.27.5&#8243; _module_preset=&#8220;default&#8220; global_colors_info=&#8220;{}&#8220;]<\/p>\n<p>Christian Witt, Inhaber einer Partner Tischlerei auf Usedom, gef\u00e4llt der MV-Rad Road Runner.<\/p>\n<p>[\/et_pb_blurb][\/et_pb_column][\/et_pb_row][et_pb_row column_structure=&#8220;1_3,1_3,1_3&#8243; _builder_version=&#8220;4.27.4&#8243; _module_preset=&#8220;default&#8220; global_colors_info=&#8220;{}&#8220;][et_pb_column type=&#8220;1_3&#8243; _builder_version=&#8220;4.27.4&#8243; _module_preset=&#8220;default&#8220; global_colors_info=&#8220;{}&#8220;][et_pb_blurb image=&#8220;https:\/\/mv-rad.de\/wp-content\/uploads\/2026\/02\/GW26-Roadrunner-Stand-mit-Christina-Witt-Tischlerei01f-scaled.jpeg&#8220; _builder_version=&#8220;4.27.5&#8243; _module_preset=&#8220;default&#8220; global_colors_info=&#8220;{}&#8220;]<\/p>\n<p>Christina Witt eifert ihrem Mann nach.<\/p>\n<p>[\/et_pb_blurb][\/et_pb_column][et_pb_column type=&#8220;1_3&#8243; _builder_version=&#8220;4.27.4&#8243; _module_preset=&#8220;default&#8220; global_colors_info=&#8220;{}&#8220;][et_pb_blurb image=&#8220;https:\/\/mv-rad.de\/wp-content\/uploads\/2026\/02\/Vorpommern-Greif-01d-scaled.jpeg&#8220; _builder_version=&#8220;4.27.5&#8243; _module_preset=&#8220;default&#8220; global_colors_info=&#8220;{}&#8220;]<\/p>\n<p>Der Greif, das Maskottchen von Vorpommern-Greifswald, im Rahmen von MV-tut-gut.<\/p>\n<p>[\/et_pb_blurb][\/et_pb_column][et_pb_column type=&#8220;1_3&#8243; _builder_version=&#8220;4.27.4&#8243; _module_preset=&#8220;default&#8220; global_colors_info=&#8220;{}&#8220;][et_pb_blurb image=&#8220;https:\/\/mv-rad.de\/wp-content\/uploads\/2026\/02\/GW26-MV-Rad-Stand-Immpressionen-Besucher-01d-scaled.jpeg&#8220; _builder_version=&#8220;4.27.5&#8243; _module_preset=&#8220;default&#8220; global_colors_info=&#8220;{}&#8220;]<\/p>\n<p>Viele Besucher nutzten die Standkulisse f\u00fcr Erinnerungsfotos.<\/p>\n<p>[\/et_pb_blurb][\/et_pb_column][\/et_pb_row][et_pb_row column_structure=&#8220;1_2,1_2&#8243; _builder_version=&#8220;4.27.5&#8243; _module_preset=&#8220;default&#8220; global_colors_info=&#8220;{}&#8220;][et_pb_column type=&#8220;1_2&#8243; _builder_version=&#8220;4.27.4&#8243; _module_preset=&#8220;default&#8220; global_colors_info=&#8220;{}&#8220;][et_pb_blurb image=&#8220;https:\/\/mv-rad.de\/wp-content\/uploads\/2026\/02\/GW26-Roadrunner-Stand-mit-Markus-Sharonb-01g-scaled.jpeg&#8220; _builder_version=&#8220;4.27.5&#8243; _module_preset=&#8220;default&#8220; global_colors_info=&#8220;{}&#8220;]<\/p>\n<p>Auch Marco Scharon kam an den MV-Rad Road Runnern nicht vorbei.<\/p>\n<p>[\/et_pb_blurb][\/et_pb_column][et_pb_column type=&#8220;1_2&#8243; _builder_version=&#8220;4.27.4&#8243; _module_preset=&#8220;default&#8220; global_colors_info=&#8220;{}&#8220;][et_pb_blurb image=&#8220;https:\/\/mv-rad.de\/wp-content\/uploads\/2026\/02\/GW26-Roadrunner-Stand-mit-Greif01e.jpeg&#8220; _builder_version=&#8220;4.27.5&#8243; _module_preset=&#8220;default&#8220; global_colors_info=&#8220;{}&#8220;]<\/p>\n<p>Der Greif &#8211; Symbolfigur als lebendiger MV-Rad Road Runner Tester.<\/p>\n<p>[\/et_pb_blurb][\/et_pb_column][\/et_pb_row][et_pb_row column_structure=&#8220;1_2,1_2&#8243; _builder_version=&#8220;4.27.5&#8243; _module_preset=&#8220;default&#8220; global_colors_info=&#8220;{}&#8220;][et_pb_column type=&#8220;1_2&#8243; _builder_version=&#8220;4.27.4&#8243; _module_preset=&#8220;default&#8220; global_colors_info=&#8220;{}&#8220;][et_pb_blurb image=&#8220;https:\/\/mv-rad.de\/wp-content\/uploads\/2026\/02\/GW26-Roadrunner-Stand-mit-den-Koeniginnen-der-GW-01d-scaled.jpeg&#8220; _builder_version=&#8220;4.27.5&#8243; _module_preset=&#8220;default&#8220; global_colors_info=&#8220;{}&#8220;]<\/p>\n<p>Auch die K\u00f6niginnen kamen nicht an den MV-Rad Road Runnern vorbei.<\/p>\n<p>[\/et_pb_blurb][\/et_pb_column][et_pb_column type=&#8220;1_2&#8243; _builder_version=&#8220;4.27.4&#8243; _module_preset=&#8220;default&#8220; global_colors_info=&#8220;{}&#8220;][et_pb_blurb image=&#8220;https:\/\/mv-rad.de\/wp-content\/uploads\/2026\/02\/GW26-Roadrunner-Stand-mit-den-Koeniginnen-der-GW-01h-scaled.jpeg&#8220; _builder_version=&#8220;4.27.5&#8243; _module_preset=&#8220;default&#8220; global_colors_info=&#8220;{}&#8220;]<\/p>\n<p>Sch\u00f6nes Fotomotiv, und sie hatten richtig viel Spa\u00df dabei.<\/p>\n<p>[\/et_pb_blurb][\/et_pb_column][\/et_pb_row][et_pb_row column_structure=&#8220;1_2,1_2&#8243; _builder_version=&#8220;4.27.5&#8243; _module_preset=&#8220;default&#8220; global_colors_info=&#8220;{}&#8220;][et_pb_column type=&#8220;1_2&#8243; _builder_version=&#8220;4.27.4&#8243; _module_preset=&#8220;default&#8220; global_colors_info=&#8220;{}&#8220;][et_pb_blurb image=&#8220;https:\/\/mv-rad.de\/wp-content\/uploads\/2026\/02\/GW26-Roadrunner-Stand-mit-Besuchern-01m.jpeg&#8220; _builder_version=&#8220;4.27.5&#8243; _module_preset=&#8220;default&#8220; global_colors_info=&#8220;{}&#8220;]<\/p>\n<p>Die MV-Rad Road Runner begeisterten viele Besucher.<\/p>\n<p>[\/et_pb_blurb][\/et_pb_column][et_pb_column type=&#8220;1_2&#8243; _builder_version=&#8220;4.27.4&#8243; _module_preset=&#8220;default&#8220; global_colors_info=&#8220;{}&#8220;][et_pb_blurb image=&#8220;https:\/\/mv-rad.de\/wp-content\/uploads\/2026\/02\/GW26-MV-Rad-Stand-01c.jpeg&#8220; _builder_version=&#8220;4.27.5&#8243; _module_preset=&#8220;default&#8220; global_colors_info=&#8220;{}&#8220;]<\/p>\n<p>Der Chef hat alles unter Kontrolle, und kann mal kurz durchatmen.<\/p>\n<p>[\/et_pb_blurb][\/et_pb_column][\/et_pb_row][et_pb_row column_structure=&#8220;1_2,1_2&#8243; _builder_version=&#8220;4.27.5&#8243; _module_preset=&#8220;default&#8220; global_colors_info=&#8220;{}&#8220;][et_pb_column type=&#8220;1_2&#8243; _builder_version=&#8220;4.27.4&#8243; _module_preset=&#8220;default&#8220; global_colors_info=&#8220;{}&#8220;][et_pb_blurb image=&#8220;https:\/\/mv-rad.de\/wp-content\/uploads\/2026\/02\/Vorpommern-Greif-01f-scaled.jpeg&#8220; _builder_version=&#8220;4.27.5&#8243; _module_preset=&#8220;default&#8220; global_colors_info=&#8220;{}&#8220;]<\/p>\n<p>Der Greif &#8211; pr\u00e4gnantes Symbol f\u00fcr den Landkreis Vorpommern-R\u00fcgen.<\/p>\n<p>[\/et_pb_blurb][\/et_pb_column][et_pb_column type=&#8220;1_2&#8243; _builder_version=&#8220;4.27.5&#8243; _module_preset=&#8220;default&#8220; global_colors_info=&#8220;{}&#8220;][et_pb_blurb image=&#8220;https:\/\/mv-rad.de\/wp-content\/uploads\/2026\/02\/MV-Rad-Logo-01a-rotated.jpeg&#8220; _builder_version=&#8220;4.27.5&#8243; _module_preset=&#8220;default&#8220; global_colors_info=&#8220;{}&#8220;]<\/p>\n<p>Aufkleber von MV-Rad &#8211; eine starke Marke aus Mecklenburg-Vorpommern.<\/p>\n<p>[\/et_pb_blurb][\/et_pb_column][\/et_pb_row][\/et_pb_section]<\/p>\n","protected":false},"excerpt":{"rendered":"<p>Gr\u00fcne Woche 2026 &nbsp; &nbsp;Die Firma MV-Rad war bei der Internationalen Gr\u00fcnen Woche vom 15. bis 24. Januar 2026 als Aussteller in der Mecklenburg-Vorpommern Halle (5.2 B) vertreten.Die Ministerpr\u00e4sidentin von Mecklenburg-Vorpommern Manuela Schwesig l\u00e4sst sich vom Gesch\u00e4ftsf\u00fchrer von MV-Rad Axel Bellinger das Konzept des f\u00fchrenden Fahrrad-Verleihsystems des Landes erkl\u00e4ren.Der Landesvorsitzende der CDU Mecklenburg-Vorpommern und Vorsitzender [&hellip;]<\/p>\n","protected":false},"author":7,"featured_media":0,"parent":0,"menu_order":0,"comment_status":"closed","ping_status":"closed","template":"","meta":{"_et_pb_use_builder":"on","_et_pb_old_content":"","_et_gb_content_width":"","footnotes":""},"class_list":["post-9650","page","type-page","status-publish","hentry"],"_links":{"self":[{"href":"https:\/\/mv-rad.de\/en_gb\/wp-json\/wp\/v2\/pages\/9650","targetHints":{"allow":["GET"]}}],"collection":[{"href":"https:\/\/mv-rad.de\/en_gb\/wp-json\/wp\/v2\/pages"}],"about":[{"href":"https:\/\/mv-rad.de\/en_gb\/wp-json\/wp\/v2\/types\/page"}],"author":[{"embeddable":true,"href":"https:\/\/mv-rad.de\/en_gb\/wp-json\/wp\/v2\/users\/7"}],"replies":[{"embeddable":true,"href":"https:\/\/mv-rad.de\/en_gb\/wp-json\/wp\/v2\/comments?post=9650"}],"version-history":[{"count":11,"href":"https:\/\/mv-rad.de\/en_gb\/wp-json\/wp\/v2\/pages\/9650\/revisions"}],"predecessor-version":[{"id":9705,"href":"https:\/\/mv-rad.de\/en_gb\/wp-json\/wp\/v2\/pages\/9650\/revisions\/9705"}],"wp:attachment":[{"href":"https:\/\/mv-rad.de\/en_gb\/wp-json\/wp\/v2\/media?parent=9650"}],"curies":[{"name":"wp","href":"https:\/\/api.w.org\/{rel}","templated":true}]}}