{"id":9493,"date":"2025-06-03T14:36:36","date_gmt":"2025-06-03T12:36:36","guid":{"rendered":"https:\/\/mv-rad.de\/?page_id=9493"},"modified":"2025-07-10T07:47:56","modified_gmt":"2025-07-10T05:47:56","slug":"kaiserbaeder-pleinair","status":"publish","type":"page","link":"https:\/\/mv-rad.de\/en_gb\/kaiserbaeder-pleinair\/","title":{"rendered":"Kaiserb\u00e4der-Pleinair"},"content":{"rendered":"<p>[et_pb_section fb_built=&#8220;1&#8243; custom_padding_last_edited=&#8220;on|phone&#8220; admin_label=&#8220;Header&#8220; _builder_version=&#8220;4.27.4&#8243; _module_preset=&#8220;default&#8220; use_background_color_gradient=&#8220;on&#8220; background_color_gradient_stops=&#8220;rgba(0,0,0,0) 0%|rgba(2,2,0,0.13) 100%&#8220; background_color_gradient_overlays_image=&#8220;on&#8220; background_color_gradient_start=&#8220;rgba(0,0,0,0)&#8220; background_color_gradient_end=&#8220;rgba(2,2,0,0.13)&#8220; background_image=&#8220;https:\/\/mv-rad.de\/wp-content\/uploads\/2025\/06\/7-malen_am_meer-1.jpg&#8220; custom_padding=&#8220;120px||120px||true|false&#8220; custom_padding_tablet=&#8220;100px||100px||true|false&#8220; custom_padding_phone=&#8220;80px||80px||true|false&#8220; background_color_gradient_start_position_tablet=&#8220;100%&#8220; background_color_gradient_start_position_phone=&#8220;100%&#8220; background_color_gradient_end_position_tablet=&#8220;100%&#8220; background_color_gradient_end_position_phone=&#8220;100%&#8220; locked=&#8220;off&#8220; global_colors_info=&#8220;{}&#8220;][et_pb_row _builder_version=&#8220;4.16&#8243; _module_preset=&#8220;default&#8220; global_colors_info=&#8220;{}&#8220;][et_pb_column type=&#8220;4_4&#8243; _builder_version=&#8220;4.16&#8243; _module_preset=&#8220;default&#8220; global_colors_info=&#8220;{}&#8220;][et_pb_text _builder_version=&#8220;4.27.4&#8243; _module_preset=&#8220;d72c0383-6487-4f2c-ac5c-7d48a6376757&#8243; header_font=&#8220;Playfair Display||||||||&#8220; header_text_align=&#8220;left&#8220; header_text_color=&#8220;#1c4982&#8243; header_font_size=&#8220;113px&#8220; background_color=&#8220;rgba(255,255,255,0.5)&#8220; width=&#8220;70%&#8220; width_tablet=&#8220;55%&#8220; width_phone=&#8220;72%&#8220; width_last_edited=&#8220;on|phone&#8220; height=&#8220;140px&#8220; height_tablet=&#8220;170px&#8220; height_phone=&#8220;60px&#8220; height_last_edited=&#8220;on|phone&#8220; custom_margin=&#8220;||0px||false|false&#8220; custom_padding=&#8220;0px|0px|0px|20px|false|false&#8220; custom_padding_tablet=&#8220;&#8220; custom_padding_phone=&#8220;5px||0px|20px|false|false&#8220; custom_padding_last_edited=&#8220;on|phone&#8220; animation_direction=&#8220;top&#8220; header_font_size_tablet=&#8220;10vw&#8220; header_font_size_phone=&#8220;&#8220; header_font_size_last_edited=&#8220;on|phone&#8220; header_text_shadow_style=&#8220;preset1&#8243; header_text_shadow_horizontal_length=&#8220;0.02em&#8220; header_text_shadow_vertical_length=&#8220;0.01em&#8220; header_text_shadow_blur_strength=&#8220;0.04em&#8220; header_text_shadow_color=&#8220;rgba(0,0,0,0.15)&#8220; global_colors_info=&#8220;{}&#8220; custom_margin__hover_enabled=&#8220;off|desktop&#8220;]<\/p>\n<h1>Kaiserb\u00e4der<\/h1>\n<p>&nbsp;<\/p>\n<p>&nbsp;<\/p>\n<p>[\/et_pb_text][et_pb_text _builder_version=&#8220;4.27.4&#8243; _module_preset=&#8220;d72c0383-6487-4f2c-ac5c-7d48a6376757&#8243; header_font=&#8220;Playfair Display||||||||&#8220; header_text_align=&#8220;left&#8220; header_text_color=&#8220;#1c4982&#8243; header_font_size=&#8220;113px&#8220; background_color=&#8220;rgba(255,255,255,0.5)&#8220; width=&#8220;70%&#8220; width_tablet=&#8220;55%&#8220; width_phone=&#8220;72%&#8220; width_last_edited=&#8220;on|phone&#8220; height=&#8220;140px&#8220; height_tablet=&#8220;170px&#8220; height_phone=&#8220;60px&#8220; height_last_edited=&#8220;on|phone&#8220; custom_margin=&#8220;||0px||false|false&#8220; custom_padding=&#8220;0px|0px|0px|20px|false|false&#8220; custom_padding_tablet=&#8220;&#8220; custom_padding_phone=&#8220;5px||0px|20px|false|false&#8220; custom_padding_last_edited=&#8220;on|phone&#8220; animation_direction=&#8220;top&#8220; header_font_size_tablet=&#8220;10vw&#8220; header_font_size_phone=&#8220;&#8220; header_font_size_last_edited=&#8220;on|phone&#8220; header_text_shadow_style=&#8220;preset1&#8243; header_text_shadow_horizontal_length=&#8220;0.02em&#8220; header_text_shadow_vertical_length=&#8220;0.01em&#8220; header_text_shadow_blur_strength=&#8220;0.04em&#8220; header_text_shadow_color=&#8220;rgba(0,0,0,0.15)&#8220; global_colors_info=&#8220;{}&#8220; custom_margin__hover_enabled=&#8220;off|desktop&#8220;]<\/p>\n<h1>Plainair<\/h1>\n<p>&nbsp;<\/p>\n<p>&nbsp;<\/p>\n<p>[\/et_pb_text][\/et_pb_column][\/et_pb_row][\/et_pb_section][et_pb_section fb_built=&#8220;1&#8243; admin_label=&#8220;Text&#8220; _builder_version=&#8220;4.16&#8243; _module_preset=&#8220;default&#8220; custom_margin=&#8220;||11px|||&#8220; custom_padding=&#8220;||0px|||&#8220; locked=&#8220;off&#8220; global_colors_info=&#8220;{}&#8220;][et_pb_row _builder_version=&#8220;4.16&#8243; _module_preset=&#8220;default&#8220; max_width=&#8220;720px&#8220; min_height=&#8220;153.6px&#8220; custom_padding=&#8220;||0px|||&#8220; global_colors_info=&#8220;{}&#8220;][et_pb_column type=&#8220;4_4&#8243; _builder_version=&#8220;4.16&#8243; _module_preset=&#8220;default&#8220; global_colors_info=&#8220;{}&#8220;][et_pb_text _builder_version=&#8220;4.27.4&#8243; _module_preset=&#8220;3a5fa9a7-7987-4564-89a5-37b87a5b6ad8&#8243; header_font=&#8220;||||||||&#8220; header_3_font=&#8220;Playfair Display|700|||||||&#8220; header_3_font_size=&#8220;25px&#8220; header_3_line_height=&#8220;1.6em&#8220; text_orientation=&#8220;center&#8220; custom_margin=&#8220;||66px|||&#8220; header_3_font_size_tablet=&#8220;20px&#8220; header_3_font_size_phone=&#8220;16px&#8220; header_3_font_size_last_edited=&#8220;on|desktop&#8220; locked=&#8220;off&#8220; global_colors_info=&#8220;{}&#8220;]<\/p>\n<h3>Aktuell vom 11.05.2025 \u2013 17.05.2025<\/h3>\n<h3>Internationales Kaiserb\u00e4der-Pleinair \u201e7 MALEN AM MEER\u201c<\/h3>\n<h3>Leihr\u00e4der von MV-Rad gestellt &#8211; eine Kooperation von Wirtschaft und Kultur<\/h3>\n<p>[\/et_pb_text][\/et_pb_column][\/et_pb_row][et_pb_row _builder_version=&#8220;4.27.4&#8243; _module_preset=&#8220;default&#8220; global_colors_info=&#8220;{}&#8220;][et_pb_column type=&#8220;4_4&#8243; _builder_version=&#8220;4.27.4&#8243; _module_preset=&#8220;default&#8220; global_colors_info=&#8220;{}&#8220;][et_pb_image src=&#8220;https:\/\/mv-rad.de\/wp-content\/uploads\/2025\/05\/Siegel_Kooperationspartner_7_Malen_am_Meer_MV-Rad.png&#8220; title_text=&#8220;Siegel_Kooperationspartner_7_Malen_am_Meer_MV-Rad&#8220; align=&#8220;center&#8220; _builder_version=&#8220;4.27.4&#8243; _module_preset=&#8220;default&#8220; global_colors_info=&#8220;{}&#8220;][\/et_pb_image][\/et_pb_column][\/et_pb_row][et_pb_row column_structure=&#8220;1_3,1_3,1_3&#8243; _builder_version=&#8220;4.27.4&#8243; _module_preset=&#8220;default&#8220; global_colors_info=&#8220;{}&#8220;][et_pb_column type=&#8220;1_3&#8243; _builder_version=&#8220;4.27.4&#8243; _module_preset=&#8220;default&#8220; global_colors_info=&#8220;{}&#8220;][et_pb_text _builder_version=&#8220;4.27.4&#8243; _module_preset=&#8220;default&#8220; global_colors_info=&#8220;{}&#8220;]<\/p>\n<p><strong>20 Jahre Kaiserb\u00e4der-Pleinair<\/strong><\/p>\n<p>Am Strand und im Ort sind die Pleinair-K\u00fcnstler eine Woche unterwegs, ausgestattet mit Malutensilien, Fahrrad und Sonnenschutz. Die entstandenen Bilder werden in der Villa Irmgard ausgestellt. Die Ausstellungser\u00f6ffnung ist am 17. Mai um 19:30 Uhr.<\/p>\n<p>[\/et_pb_text][\/et_pb_column][et_pb_column type=&#8220;1_3&#8243; _builder_version=&#8220;4.27.4&#8243; _module_preset=&#8220;default&#8220; global_colors_info=&#8220;{}&#8220;][et_pb_text _builder_version=&#8220;4.27.4&#8243; _module_preset=&#8220;default&#8220; global_colors_info=&#8220;{}&#8220;]<\/p>\n<p><strong>Termine<\/strong><\/p>\n<p>Dienstag, 13.05.2025 12:00 \u2013 18:00<br \/>Mittwoch, 14.05.2025 12:00 \u2013 18:00<br \/>Donnerstag, 15.05.2025 12:00 \u2013 18:00<br \/>Freitag, 16.05.2025 12:00 \u2013 18:00<br \/>Samstag, 17.05.2025 12:00 \u2013 18:00<\/p>\n<p>[\/et_pb_text][\/et_pb_column][et_pb_column type=&#8220;1_3&#8243; _builder_version=&#8220;4.27.4&#8243; _module_preset=&#8220;default&#8220; global_colors_info=&#8220;{}&#8220;][et_pb_text _builder_version=&#8220;4.27.4&#8243; _module_preset=&#8220;default&#8220; global_colors_info=&#8220;{}&#8220;]<\/p>\n<p><strong>Die Pleinair-K\u00fcnstler 2025 sind:<\/strong><\/p>\n<p>Gineke Zikken (NL)<br \/>Matthias Schilling (DE)<br \/>Pat Noser (CH)<br \/>Matvey Slavin (DE)<br \/>Susanne Hoppe (DE)<br \/>Henrik Scheel Andersen (DK)<br \/>Sigurd Wendland (DE und k\u00fcnstlerischer Leiter)<\/p>\n<p>[\/et_pb_text][\/et_pb_column][\/et_pb_row][\/et_pb_section]<\/p>\n","protected":false},"excerpt":{"rendered":"<p>Kaiserb\u00e4der &nbsp; &nbsp;Plainair &nbsp; &nbsp;Aktuell vom 11.05.2025 \u2013 17.05.2025 Internationales Kaiserb\u00e4der-Pleinair \u201e7 MALEN AM MEER\u201c Leihr\u00e4der von MV-Rad gestellt &#8211; eine Kooperation von Wirtschaft und Kultur20 Jahre Kaiserb\u00e4der-Pleinair Am Strand und im Ort sind die Pleinair-K\u00fcnstler eine Woche unterwegs, ausgestattet mit Malutensilien, Fahrrad und Sonnenschutz. Die entstandenen Bilder werden in der Villa Irmgard ausgestellt. Die [&hellip;]<\/p>\n","protected":false},"author":7,"featured_media":0,"parent":0,"menu_order":0,"comment_status":"closed","ping_status":"closed","template":"","meta":{"_et_pb_use_builder":"on","_et_pb_old_content":"","_et_gb_content_width":"","footnotes":""},"class_list":["post-9493","page","type-page","status-publish","hentry"],"_links":{"self":[{"href":"https:\/\/mv-rad.de\/en_gb\/wp-json\/wp\/v2\/pages\/9493","targetHints":{"allow":["GET"]}}],"collection":[{"href":"https:\/\/mv-rad.de\/en_gb\/wp-json\/wp\/v2\/pages"}],"about":[{"href":"https:\/\/mv-rad.de\/en_gb\/wp-json\/wp\/v2\/types\/page"}],"author":[{"embeddable":true,"href":"https:\/\/mv-rad.de\/en_gb\/wp-json\/wp\/v2\/users\/7"}],"replies":[{"embeddable":true,"href":"https:\/\/mv-rad.de\/en_gb\/wp-json\/wp\/v2\/comments?post=9493"}],"version-history":[{"count":5,"href":"https:\/\/mv-rad.de\/en_gb\/wp-json\/wp\/v2\/pages\/9493\/revisions"}],"predecessor-version":[{"id":9536,"href":"https:\/\/mv-rad.de\/en_gb\/wp-json\/wp\/v2\/pages\/9493\/revisions\/9536"}],"wp:attachment":[{"href":"https:\/\/mv-rad.de\/en_gb\/wp-json\/wp\/v2\/media?parent=9493"}],"curies":[{"name":"wp","href":"https:\/\/api.w.org\/{rel}","templated":true}]}}