{"id":8928,"date":"2024-02-29T19:03:21","date_gmt":"2024-02-29T17:03:21","guid":{"rendered":"https:\/\/mv-rad.de\/?page_id=8928"},"modified":"2025-07-10T07:45:25","modified_gmt":"2025-07-10T05:45:25","slug":"buergerrad","status":"publish","type":"page","link":"https:\/\/mv-rad.de\/en_gb\/buergerrad\/","title":{"rendered":"B\u00fcrgerRad"},"content":{"rendered":"<p>[et_pb_section fb_built=&#8220;1&#8243; custom_padding_last_edited=&#8220;on|phone&#8220; admin_label=&#8220;Header&#8220; _builder_version=&#8220;4.24.0&#8243; _module_preset=&#8220;default&#8220; use_background_color_gradient=&#8220;on&#8220; background_color_gradient_stops=&#8220;rgba(0,0,0,0) 0%|rgba(2,2,0,0.13) 100%&#8220; background_color_gradient_overlays_image=&#8220;on&#8220; background_color_gradient_start=&#8220;rgba(0,0,0,0)&#8220; background_color_gradient_end=&#8220;rgba(2,2,0,0.13)&#8220; background_image=&#8220;https:\/\/mv-rad.de\/wp-content\/uploads\/2024\/02\/BuergerRad_Grafik_Gruppe.png&#8220; background_size=&#8220;contain&#8220; background_position=&#8220;center_right&#8220; custom_padding=&#8220;120px||120px||true|false&#8220; custom_padding_tablet=&#8220;100px||100px||true|false&#8220; custom_padding_phone=&#8220;80px||80px||true|false&#8220; background_color_gradient_start_position_tablet=&#8220;100%&#8220; background_color_gradient_start_position_phone=&#8220;100%&#8220; background_color_gradient_end_position_tablet=&#8220;100%&#8220; background_color_gradient_end_position_phone=&#8220;100%&#8220; locked=&#8220;off&#8220; global_colors_info=&#8220;{}&#8220;][et_pb_row _builder_version=&#8220;4.16&#8243; _module_preset=&#8220;default&#8220; global_colors_info=&#8220;{}&#8220;][et_pb_column type=&#8220;4_4&#8243; _builder_version=&#8220;4.16&#8243; _module_preset=&#8220;default&#8220; global_colors_info=&#8220;{}&#8220;][et_pb_text _builder_version=&#8220;4.24.0&#8243; _module_preset=&#8220;d72c0383-6487-4f2c-ac5c-7d48a6376757&#8243; header_font=&#8220;Playfair Display||||||||&#8220; header_text_align=&#8220;left&#8220; header_text_color=&#8220;#1c4982&#8243; header_font_size=&#8220;113px&#8220; background_color=&#8220;rgba(255,255,255,0.5)&#8220; width=&#8220;70%&#8220; width_tablet=&#8220;55%&#8220; width_phone=&#8220;75%&#8220; width_last_edited=&#8220;on|phone&#8220; height=&#8220;140px&#8220; height_tablet=&#8220;170px&#8220; height_phone=&#8220;60px&#8220; height_last_edited=&#8220;on|phone&#8220; custom_margin=&#8220;||0px||false|false&#8220; custom_padding=&#8220;0px||0px|20px|false|false&#8220; custom_padding_tablet=&#8220;&#8220; custom_padding_phone=&#8220;5px||0px|20px|false|false&#8220; custom_padding_last_edited=&#8220;on|phone&#8220; animation_direction=&#8220;top&#8220; header_font_size_tablet=&#8220;10vw&#8220; header_font_size_phone=&#8220;&#8220; header_font_size_last_edited=&#8220;on|phone&#8220; header_text_shadow_style=&#8220;preset1&#8243; header_text_shadow_horizontal_length=&#8220;0.02em&#8220; header_text_shadow_vertical_length=&#8220;0.01em&#8220; header_text_shadow_blur_strength=&#8220;0.04em&#8220; header_text_shadow_color=&#8220;rgba(0,0,0,0.15)&#8220; global_colors_info=&#8220;{}&#8220; custom_margin__hover_enabled=&#8220;off|desktop&#8220;]<\/p>\n<h1>B\u00fcrgerRad<\/h1>\n<p>&nbsp;<\/p>\n<p>&nbsp;<\/p>\n<p>[\/et_pb_text][\/et_pb_column][\/et_pb_row][\/et_pb_section][et_pb_section fb_built=&#8220;1&#8243; admin_label=&#8220;Text&#8220; _builder_version=&#8220;4.16&#8243; _module_preset=&#8220;default&#8220; locked=&#8220;off&#8220; global_colors_info=&#8220;{}&#8220;][et_pb_row _builder_version=&#8220;4.16&#8243; _module_preset=&#8220;default&#8220; max_width=&#8220;720px&#8220; min_height=&#8220;502.6px&#8220; global_colors_info=&#8220;{}&#8220;][et_pb_column type=&#8220;4_4&#8243; _builder_version=&#8220;4.16&#8243; _module_preset=&#8220;default&#8220; global_colors_info=&#8220;{}&#8220;][et_pb_text _builder_version=&#8220;4.24.0&#8243; _module_preset=&#8220;3a5fa9a7-7987-4564-89a5-37b87a5b6ad8&#8243; header_font=&#8220;||||||||&#8220; header_3_font=&#8220;Playfair Display|700|||||||&#8220; header_3_font_size=&#8220;25px&#8220; header_3_line_height=&#8220;1.6em&#8220; text_orientation=&#8220;center&#8220; header_3_font_size_tablet=&#8220;20px&#8220; header_3_font_size_phone=&#8220;16px&#8220; header_3_font_size_last_edited=&#8220;on|desktop&#8220; locked=&#8220;off&#8220; global_colors_info=&#8220;{}&#8220;]<\/p>\n<h3>Im Rahmen des Bundesf\u00f6rderprojektes des Bundes und des Landes zur Installation eines Pedelec Verleihsystems, PPU \u2013 Pedelec Power Usedom, auf der Insel Usedom bieten wir, die MV-Rad GmbH, als Pilotprojekt den Einwohnern des Lieper Winkels, die das vorgenannte Kriterium erf\u00fcllen, an das auch im Lieper Winkel installierte Pedelec Verleihsystem zu einem auf die H\u00e4lfte herabgesetzten Preis, Berechnungsgrundlage ist das g\u00fcltige Tarifsystem, auch als \u00d6PNV-Ersatz inselweit zu nutzen.<\/h3>\n<p>[\/et_pb_text][et_pb_text _builder_version=&#8220;4.24.0&#8243; _module_preset=&#8220;3a5fa9a7-7987-4564-89a5-37b87a5b6ad8&#8243; header_font=&#8220;||||||||&#8220; header_3_font=&#8220;Playfair Display|700|||||||&#8220; header_3_font_size=&#8220;25px&#8220; header_3_line_height=&#8220;1.6em&#8220; text_orientation=&#8220;center&#8220; header_3_font_size_tablet=&#8220;20px&#8220; header_3_font_size_phone=&#8220;16px&#8220; header_3_font_size_last_edited=&#8220;on|desktop&#8220; locked=&#8220;off&#8220; global_colors_info=&#8220;{}&#8220;]<\/p>\n<h3>Zus\u00e4tzlich k\u00f6nnen berechtigte Einwohner das UsedomRad Classic Verleihsystem inselweit und sogar in Anklam, Wolgast und Greifswald f\u00fcr den halben Preis nutzen. <\/h3>\n<p>[\/et_pb_text][et_pb_text _builder_version=&#8220;4.24.0&#8243; _module_preset=&#8220;3a5fa9a7-7987-4564-89a5-37b87a5b6ad8&#8243; header_font=&#8220;||||||||&#8220; header_3_font=&#8220;Playfair Display|700|||||||&#8220; header_3_font_size=&#8220;25px&#8220; header_3_line_height=&#8220;1.6em&#8220; text_orientation=&#8220;center&#8220; header_3_font_size_tablet=&#8220;20px&#8220; header_3_font_size_phone=&#8220;16px&#8220; header_3_font_size_last_edited=&#8220;on|desktop&#8220; locked=&#8220;off&#8220; global_colors_info=&#8220;{}&#8220;]<\/p>\n<h3>Alle Informationen finden Sie hier:<\/h3>\n<p>[\/et_pb_text][et_pb_button button_url=&#8220;https:\/\/buergerrad-mv.de\/&#8220; url_new_window=&#8220;on&#8220; button_text=&#8220;Zur Website&#8220; button_alignment=&#8220;center&#8220; admin_label=&#8220;pedelec&#8220; _builder_version=&#8220;4.24.0&#8243; _module_preset=&#8220;fd4cbe8d-44bb-4497-977d-4a9151abc25c&#8220; custom_button=&#8220;on&#8220; button_text_size=&#8220;14px&#8220; button_bg_color=&#8220;#1c4982&#8243; button_border_width=&#8220;0px&#8220; button_border_radius=&#8220;0px&#8220; button_letter_spacing=&#8220;2px&#8220; button_font=&#8220;|700||on|||||&#8220; background_layout=&#8220;dark&#8220; custom_padding=&#8220;14px|35px|14px|35px|true|true&#8220; custom_padding_tablet=&#8220;12px|30px|12px|30px|true|true&#8220; custom_padding_phone=&#8220;10px|20px|10px|20px|true|true&#8220; custom_padding_last_edited=&#8220;on|phone&#8220; animation_style=&#8220;fade&#8220; animation_duration=&#8220;2550ms&#8220; button_text_size_tablet=&#8220;13px&#8220; button_text_size_phone=&#8220;12px&#8220; button_text_size_last_edited=&#8220;on|tablet&#8220; locked=&#8220;off&#8220; global_colors_info=&#8220;{}&#8220; button_bg_color__hover=&#8220;#009fe3&#8243; button_bg_color__hover_enabled=&#8220;on|desktop&#8220; button_bg_enable_color__hover=&#8220;on&#8220;][\/et_pb_button][\/et_pb_column][\/et_pb_row][\/et_pb_section]<\/p>\n","protected":false},"excerpt":{"rendered":"<p>B\u00fcrgerRad &nbsp; &nbsp;Im Rahmen des Bundesf\u00f6rderprojektes des Bundes und des Landes zur Installation eines Pedelec Verleihsystems, PPU \u2013 Pedelec Power Usedom, auf der Insel Usedom bieten wir, die MV-Rad GmbH, als Pilotprojekt den Einwohnern des Lieper Winkels, die das vorgenannte Kriterium erf\u00fcllen, an das auch im Lieper Winkel installierte Pedelec Verleihsystem zu einem auf die [&hellip;]<\/p>\n","protected":false},"author":6,"featured_media":0,"parent":0,"menu_order":0,"comment_status":"closed","ping_status":"closed","template":"","meta":{"_et_pb_use_builder":"on","_et_pb_old_content":"","_et_gb_content_width":"","footnotes":""},"class_list":["post-8928","page","type-page","status-publish","hentry"],"_links":{"self":[{"href":"https:\/\/mv-rad.de\/en_gb\/wp-json\/wp\/v2\/pages\/8928","targetHints":{"allow":["GET"]}}],"collection":[{"href":"https:\/\/mv-rad.de\/en_gb\/wp-json\/wp\/v2\/pages"}],"about":[{"href":"https:\/\/mv-rad.de\/en_gb\/wp-json\/wp\/v2\/types\/page"}],"author":[{"embeddable":true,"href":"https:\/\/mv-rad.de\/en_gb\/wp-json\/wp\/v2\/users\/6"}],"replies":[{"embeddable":true,"href":"https:\/\/mv-rad.de\/en_gb\/wp-json\/wp\/v2\/comments?post=8928"}],"version-history":[{"count":9,"href":"https:\/\/mv-rad.de\/en_gb\/wp-json\/wp\/v2\/pages\/8928\/revisions"}],"predecessor-version":[{"id":9534,"href":"https:\/\/mv-rad.de\/en_gb\/wp-json\/wp\/v2\/pages\/8928\/revisions\/9534"}],"wp:attachment":[{"href":"https:\/\/mv-rad.de\/en_gb\/wp-json\/wp\/v2\/media?parent=8928"}],"curies":[{"name":"wp","href":"https:\/\/api.w.org\/{rel}","templated":true}]}}