{"id":6955,"date":"2022-05-21T22:46:52","date_gmt":"2022-05-21T20:46:52","guid":{"rendered":"https:\/\/mv-rad.de\/?page_id=6955"},"modified":"2025-03-21T18:32:00","modified_gmt":"2025-03-21T16:32:00","slug":"mv-rad-land","status":"publish","type":"page","link":"https:\/\/mv-rad.de\/en_gb\/mv-rad-land\/","title":{"rendered":"MV-Rad Land"},"content":{"rendered":"<p>[et_pb_section fb_built=&#8220;1&#8243; custom_padding_last_edited=&#8220;on|phone&#8220; admin_label=&#8220;Header&#8220; _builder_version=&#8220;4.17.4&#8243; _module_preset=&#8220;default&#8220; use_background_color_gradient=&#8220;on&#8220; background_color_gradient_stops=&#8220;rgba(0,0,0,0) 0%|rgba(0,0,0,0.16) 100%&#8220; background_color_gradient_start=&#8220;rgba(0,0,0,0)&#8220; background_color_gradient_end=&#8220;rgba(0,0,0,0.16)&#8220; background_enable_image=&#8220;off&#8220; custom_padding=&#8220;120px||120px||true|false&#8220; custom_padding_tablet=&#8220;100px||100px||true|false&#8220; custom_padding_phone=&#8220;80px||80px||true|false&#8220; background_color_gradient_stops_tablet=&#8220;rgba(0,0,0,0) 100%|rgba(0,0,0,0.16) 100%&#8220; background_color_gradient_stops_phone=&#8220;rgba(0,0,0,0) 100%|rgba(0,0,0,0.16) 100%&#8220; background_color_gradient_start_position_tablet=&#8220;100%&#8220; background_color_gradient_start_position_phone=&#8220;100%&#8220; background_color_gradient_end_position_tablet=&#8220;100%&#8220; background_color_gradient_end_position_phone=&#8220;100%&#8220; locked=&#8220;off&#8220; global_colors_info=&#8220;{}&#8220;][et_pb_row _builder_version=&#8220;4.16&#8243; _module_preset=&#8220;default&#8220; global_colors_info=&#8220;{}&#8220;][et_pb_column type=&#8220;4_4&#8243; _builder_version=&#8220;4.16&#8243; _module_preset=&#8220;default&#8220; global_colors_info=&#8220;{}&#8220;][et_pb_text _builder_version=&#8220;4.21.0&#8243; _module_preset=&#8220;d72c0383-6487-4f2c-ac5c-7d48a6376757&#8243; header_font=&#8220;Playfair Display||||||||&#8220; header_text_align=&#8220;left&#8220; header_text_color=&#8220;#1c4982&#8243; header_font_size=&#8220;120px&#8220; background_color=&#8220;rgba(255,255,255,0.5)&#8220; width=&#8220;60%&#8220; width_tablet=&#8220;40%&#8220; width_phone=&#8220;60%&#8220; width_last_edited=&#8220;on|phone&#8220; height=&#8220;255px&#8220; height_tablet=&#8220;125px&#8220; height_phone=&#8220;100px&#8220; height_last_edited=&#8220;on|phone&#8220; custom_margin=&#8220;||0px||false|false&#8220; custom_padding=&#8220;0px||0px|20px|false|false&#8220; custom_padding_tablet=&#8220;&#8220; custom_padding_phone=&#8220;8px||0px|20px|false|false&#8220; custom_padding_last_edited=&#8220;on|desktop&#8220; animation_direction=&#8220;top&#8220; header_font_size_tablet=&#8220;7vw&#8220; header_font_size_phone=&#8220;10vw&#8220; header_font_size_last_edited=&#8220;on|phone&#8220; header_text_shadow_style=&#8220;preset1&#8243; header_text_shadow_horizontal_length=&#8220;0.02em&#8220; header_text_shadow_vertical_length=&#8220;0.01em&#8220; header_text_shadow_blur_strength=&#8220;0.04em&#8220; header_text_shadow_color=&#8220;rgba(0,0,0,0.15)&#8220; global_colors_info=&#8220;{}&#8220; custom_margin__hover_enabled=&#8220;off|desktop&#8220; width__hover_enabled=&#8220;on|desktop&#8220; width__hover=&#8220;84%&#8220;]<\/p>\n<h1>MV-Rad<br \/>Land<\/h1>\n<p>&nbsp;<\/p>\n<p>&nbsp;<\/p>\n<p>[\/et_pb_text][\/et_pb_column][\/et_pb_row][\/et_pb_section][et_pb_section fb_built=&#8220;1&#8243; admin_label=&#8220;Text&#8220; _builder_version=&#8220;4.16&#8243; _module_preset=&#8220;default&#8220; locked=&#8220;off&#8220; global_colors_info=&#8220;{}&#8220;][et_pb_row _builder_version=&#8220;4.16&#8243; _module_preset=&#8220;default&#8220; max_width=&#8220;720px&#8220; global_colors_info=&#8220;{}&#8220;][et_pb_column type=&#8220;4_4&#8243; _builder_version=&#8220;4.16&#8243; _module_preset=&#8220;default&#8220; global_colors_info=&#8220;{}&#8220;][et_pb_text _builder_version=&#8220;4.17.4&#8243; _module_preset=&#8220;3a5fa9a7-7987-4564-89a5-37b87a5b6ad8&#8243; header_font=&#8220;||||||||&#8220; header_3_font=&#8220;Playfair Display|700|||||||&#8220; header_3_font_size=&#8220;25px&#8220; header_3_line_height=&#8220;1.6em&#8220; text_orientation=&#8220;center&#8220; header_3_font_size_tablet=&#8220;20px&#8220; header_3_font_size_phone=&#8220;16px&#8220; header_3_font_size_last_edited=&#8220;on|desktop&#8220; locked=&#8220;off&#8220; global_colors_info=&#8220;{}&#8220;]<\/p>\n<h3>Entdecken Sie die MV-Rad Stationen im l\u00e4ndlichen Raum.<\/h3>\n<p>[\/et_pb_text][\/et_pb_column][\/et_pb_row][et_pb_row column_structure=&#8220;3_5,2_5&#8243; _builder_version=&#8220;4.21.0&#8243; _module_preset=&#8220;default&#8220; global_colors_info=&#8220;{}&#8220;][et_pb_column type=&#8220;3_5&#8243; _builder_version=&#8220;4.21.0&#8243; _module_preset=&#8220;default&#8220; global_colors_info=&#8220;{}&#8220;][et_pb_code _builder_version=&#8220;4.17.4&#8243; _module_preset=&#8220;default&#8220; global_colors_info=&#8220;{}&#8220;]\t\t<div id=\"maps-marker-pro-a50603a3\" class=\"maps-marker-pro mmp-list-below\" style=\"width: 100%;\">\r\n\t\t\t<div id=\"mmp-map-wrap-a50603a3\" class=\"mmp-map-wrap\">\r\n\t\t\t\t\t\t\t\t\t<div id=\"mmp-panel-a50603a3\" class=\"mmp-panel\"><\/div>\r\n\t\t\t\t\t\t\t\t<div id=\"mmp-map-a50603a3\" class=\"mmp-map\" style=\"height: 600px;\"><\/div>\r\n\t\t\t\t\t\t\t<\/div>\r\n\t\t\t\t\t\t\t<div id=\"mmp-list-a50603a3\" class=\"mmp-list\" style=\"flex-basis: 400px;\"><\/div>\r\n\t\t\t\t\t<\/div>\r\n\t\t[\/et_pb_code][\/et_pb_column][et_pb_column type=&#8220;2_5&#8243; _builder_version=&#8220;4.17.3&#8243; _module_preset=&#8220;default&#8220; global_colors_info=&#8220;{}&#8220;][et_pb_code _builder_version=&#8220;4.21.0&#8243; _module_preset=&#8220;default&#8220; global_colors_info=&#8220;{}&#8220;]\t\t<div id=\"maps-marker-pro-248f54b9\" class=\"maps-marker-pro mmp-list-below\" style=\"width: 100%;\">\r\n\t\t\t<div id=\"mmp-map-wrap-248f54b9\" class=\"mmp-map-wrap\">\r\n\t\t\t\t\t\t\t\t\t<div id=\"mmp-panel-248f54b9\" class=\"mmp-panel\"><\/div>\r\n\t\t\t\t\t\t\t\t<div id=\"mmp-map-248f54b9\" class=\"mmp-map\" style=\"height: 600px;\"><\/div>\r\n\t\t\t\t\t\t\t<\/div>\r\n\t\t\t\t\t\t\t<div id=\"mmp-list-248f54b9\" class=\"mmp-list\" style=\"flex-basis: 400px;\"><\/div>\r\n\t\t\t\t\t<\/div>\r\n\t\t[\/et_pb_code][\/et_pb_column][\/et_pb_row][et_pb_row _builder_version=&#8220;4.17.3&#8243; _module_preset=&#8220;default&#8220; global_colors_info=&#8220;{}&#8220;][et_pb_column type=&#8220;4_4&#8243; _builder_version=&#8220;4.17.3&#8243; _module_preset=&#8220;default&#8220; global_colors_info=&#8220;{}&#8220;][et_pb_text _builder_version=&#8220;4.27.4&#8243; _module_preset=&#8220;default&#8220; custom_margin=&#8220;0px||||false|false&#8220; custom_padding=&#8220;50px||||false|false&#8220; hover_enabled=&#8220;0&#8243; global_colors_info=&#8220;{}&#8220; sticky_enabled=&#8220;0&#8243;]<\/p>\n<table style=\"height: 1600px; width: 91.1144%; border-collapse: collapse;\" border=\"1\">\n<thead>\n<tr style=\"height: 64px; background-color: #c0bfc4;\">\n<td style=\"height: 50px; width: 40%; text-align: center;\">\n<h5><strong>Stationsnummer<\/strong><\/h5>\n<\/td>\n<td style=\"height: 50px; width: 50%;\">\n<h5><strong>Stationsname<\/strong><\/h5>\n<\/td>\n<\/tr>\n<\/thead>\n<tbody>\n<tr style=\"height: 24px; background-color: #e7e5ee;\">\n<td style=\"text-align: center; height: 24px; width: 40%;\">57127<\/td>\n<td style=\"height: 24px; width: 190.274%;\">Naturcamping Lassan<\/td>\n<\/tr>\n<tr style=\"height: 24px;\">\n<td style=\"text-align: center; height: 24px; width: 40%;\">57129<\/td>\n<td style=\"height: 24px; width: 190.274%;\">Hotel Leuchtfeuer Freest<\/td>\n<\/tr>\n<tr style=\"height: 24px; background-color: #e7e5ee;\">\n<td style=\"text-align: center; height: 24px; width: 40%;\">57130<\/td>\n<td style=\"height: 24px; width: 190.274%;\">Marina Kr\u00f6slin<\/td>\n<\/tr>\n<tr style=\"height: 24px;\">\n<td style=\"width: 40%; height: 24px; text-align: center;\">57131<\/td>\n<td style=\"width: 190.274%; height: 24px;\">Hauptbahnhof Wolgast<\/td>\n<\/tr>\n<tr style=\"height: 24px; background-color: #e7e5ee;\">\n<td style=\"width: 40%; height: 24px; text-align: center;\">57132<\/td>\n<td style=\"width: 190.274%; height: 24px;\">Tourismusinformation Ueckerm\u00fcnde<\/td>\n<\/tr>\n<tr style=\"height: 24px;\">\n<td style=\"width: 40%; height: 24px; text-align: center;\">57133<\/td>\n<td style=\"width: 190.274%; height: 24px;\">Haffbad Ueckerm\u00fcnde<\/td>\n<\/tr>\n<tr style=\"height: 24px; background-color: #e7e5ee;\">\n<td style=\"text-align: center; height: 24px; width: 40%;\">57134<\/td>\n<td style=\"height: 24px; width: 190.274%;\">Tourismusbetrieb M\u00f6nkebude<\/td>\n<\/tr>\n<tr style=\"height: 24px;\">\n<td style=\"width: 40%; height: 24px; text-align: center;\">57135<\/td>\n<td style=\"width: 190.274%; height: 24px;\">Philipp-Otto-Runge-Platz Wolgast<\/td>\n<\/tr>\n<tr style=\"height: 24px; background-color: #e7e5ee;\">\n<td style=\"text-align: center; height: 24px; width: 40%;\">57136<\/td>\n<td style=\"height: 24px; width: 190.274%;\">Alte Schnitterkate Lassan<\/td>\n<\/tr>\n<tr style=\"height: 24px;\">\n<td style=\"text-align: center; height: 24px; width: 40%;\">57137<\/td>\n<td style=\"height: 24px; width: 190.274%;\">Seebr\u00fccke Lubmin<\/td>\n<\/tr>\n<tr style=\"height: 24px; background-color: #e7e5ee;\">\n<td style=\"text-align: center; height: 24px; width: 40%;\">57138<\/td>\n<td style=\"height: 24px; width: 190.274%;\">Marina Lubmin<\/td>\n<\/tr>\n<tr style=\"height: 24px;\">\n<td style=\"text-align: center; height: 24px; width: 40%;\">57139<\/td>\n<td style=\"height: 24px; width: 190.274%;\">Kurverwaltung Seebad Lubmin<\/td>\n<\/tr>\n<tr style=\"height: 24px; background-color: #e7e5ee;\">\n<td style=\"text-align: center; height: 24px; width: 40%;\">57140<\/td>\n<td style=\"height: 24px; width: 190.274%;\">Hafen Freest<\/td>\n<\/tr>\n<tr style=\"height: 24px;\">\n<td style=\"text-align: center; height: 24px; width: 40%;\">57141<\/td>\n<td style=\"height: 24px; width: 190.274%;\">Hotel Ostseel\u00e4nder Z\u00fcssow<\/td>\n<\/tr>\n<tr style=\"height: 24px; background-color: #e7e5ee;\">\n<td style=\"text-align: center; width: 40%; height: 24px;\">57142<\/td>\n<td style=\"width: 190.274%; height: 24px;\">Waldcamp Freest<\/td>\n<\/tr>\n<tr style=\"height: 24px;\">\n<td style=\"text-align: center; width: 40%; height: 48px;\">57143<\/td>\n<td style=\"width: 190.274%; height: 48px;\">Naturparkzentrum Stolpe bei Anklam<\/td>\n<\/tr>\n<tr style=\"height: 24px; background-color: #e7e5ee;\">\n<td style=\"text-align: center; width: 40%; height: 48px;\">57144<\/td>\n<td style=\"width: 190.274%; height: 48px;\">Gasthof &amp; Pension &#8222;Zum Himmel&#8220;<\/td>\n<\/tr>\n<tr style=\"height: 24px;\">\n<td style=\"width: 40%; height: 24px; text-align: center;\">57145<\/td>\n<td style=\"width: 190.274%; height: 24px;\">POSTEL Wolgast<\/td>\n<\/tr>\n<tr style=\"height: 24px; background-color: #e7e5ee;\">\n<td style=\"width: 40%; height: 24px; text-align: center;\">57146<\/td>\n<td style=\"width: 190.274%; height: 24px;\">Anleger Hafenstr. \/ Schlossinsel<\/td>\n<\/tr>\n<tr style=\"height: 24px;\">\n<td style=\"width: 40%; height: 24px; text-align: center;\">57147<\/td>\n<td style=\"width: 190.274%; height: 24px;\">Am Fischmarkt Wolgast<\/td>\n<\/tr>\n<tr style=\"background-color: #e7e5ee;\">\n<td style=\"width: 40%; text-align: center; height: 48px;\">57148<\/td>\n<td style=\"width: 190.274%; height: 48px;\">Am Peeneufer-S\u00fcd \/ Hansequartier<\/td>\n<\/tr>\n<tr style=\"height: 48px;\">\n<td style=\"width: 40%; text-align: center; height: 48px;\">57149<\/td>\n<td style=\"width: 190.274%; height: 48px;\">An der Schwedenm\u00fchle<\/td>\n<\/tr>\n<tr style=\"background-color: #e7e5ee;\">\n<td style=\"width: 40%; text-align: center; height: 24px;\">57150<\/td>\n<td style=\"width: 190.274%; height: 24px;\">Hotel Anklamer Hof<\/td>\n<\/tr>\n<tr style=\"height: 48px;\">\n<td style=\"width: 40%; text-align: center; height: 48px;\">57151<\/td>\n<td style=\"width: 190.274%; height: 48px;\">Wasserwanderrastplatz Anklam<\/td>\n<\/tr>\n<tr style=\"background-color: #e7e5ee;\">\n<td style=\"width: 40%; text-align: center; height: 24px;\">57152<\/td>\n<td style=\"width: 190.274%; height: 24px;\">Hafen \/ Alten Treptow<\/td>\n<\/tr>\n<tr style=\"height: 24px; background-color: #e7e5ee;\">\n<td style=\"width: 40%; text-align: center; height: 24px;\">57156<\/td>\n<td style=\"width: 190.274%; height: 24px;\">Parkplatz Schlossinsel<\/td>\n<\/tr>\n<tr style=\"height: 48px;\">\n<td style=\"width: 40%; text-align: center; height: 48px;\">57157<\/td>\n<td style=\"width: 190.274%; height: 48px;\">Kreiskrankenhaus Wolgast<\/td>\n<\/tr>\n<tr style=\"height: 48px; background-color: #e7e5ee;\">\n<td style=\"width: 40%; text-align: center; height: 48px;\">57159<\/td>\n<td style=\"width: 190.274%; height: 48px;\">Parkplatz Wolgaster F\u00e4hre<\/td>\n<\/tr>\n<tr style=\"height: 24px;\">\n<td style=\"width: 40%; height: 24px; text-align: center;\">57160<\/td>\n<td style=\"width: 190.274%; height: 24px;\">Mecklenburgische \/ Kleinseenplatte \/ Amt Mirow<\/td>\n<\/tr>\n<tr style=\"height: 24px; background-color: #e7e5ee;\">\n<td style=\"width: 40%; text-align: center; height: 24px;\">57161<\/td>\n<td style=\"width: 190.274%; height: 24px;\">Bahnhof Mirow<\/td>\n<\/tr>\n<tr style=\"height: 48px;\">\n<td style=\"width: 40%; text-align: center; height: 48px;\">57162<\/td>\n<td style=\"width: 190.274%; height: 48px;\">Bahnhof \/ Zirtow \/ Leussow<\/td>\n<\/tr>\n<tr style=\"height: 24px; background-color: #e7e5ee;\">\n<td style=\"width: 40%; text-align: center; height: 24px;\">57163<\/td>\n<td style=\"width: 190.274%; height: 24px;\">Zirtow<\/td>\n<\/tr>\n<tr style=\"height: 24px;\">\n<td style=\"width: 40%; text-align: center; height: 24px;\">57164<\/td>\n<td style=\"width: 190.274%; height: 24px;\">Leussow<\/td>\n<\/tr>\n<tr style=\"height: 48px; background-color: #e7e5ee;\">\n<td style=\"width: 40%; text-align: center; height: 48px;\">57165<\/td>\n<td style=\"width: 190.274%; height: 48px;\">Bildungs- und Erlebnishaus \/ Fleeth<\/td>\n<\/tr>\n<tr style=\"height: 48px;\">\n<td style=\"width: 40%; text-align: center; height: 48px;\">57170<\/td>\n<td style=\"width: 190.274%; height: 48px;\">Hauptbahnhof Neustrelitz<\/td>\n<\/tr>\n<tr style=\"height: 48px; background-color: #e7e5ee;\">\n<td style=\"width: 40%; text-align: center; height: 48px;\">57171<\/td>\n<td style=\"width: 190.274%; height: 48px;\">Carolinum \/ Neustrelitz<\/td>\n<\/tr>\n<tr style=\"height: 48px;\">\n<td style=\"width: 40%; text-align: center; height: 48px;\">57180<\/td>\n<td style=\"width: 190.274%; height: 48px;\">Tourismusinfo und Rathaus Pasewalk<\/td>\n<\/tr>\n<tr style=\"height: 24px; background-color: #e7e5ee;\">\n<td style=\"width: 40%; text-align: center; height: 24px;\">57181<\/td>\n<td style=\"width: 190.274%; height: 24px;\">Stadtverwaltung Pasewalk<\/td>\n<\/tr>\n<tr style=\"height: 48px;\">\n<td style=\"width: 40%; text-align: center; height: 48px;\">57182<\/td>\n<td style=\"width: 190.274%; height: 48px;\">Hauptbahnhof Pasewalk<\/td>\n<\/tr>\n<tr style=\"background-color: #e7e5ee;\">\n<td style=\"width: 40%; text-align: center; height: 48px;\">57183<\/td>\n<td style=\"width: 190.274%; height: 48px;\">Am Kunstgarten Pasewalk<\/td>\n<\/tr>\n<tr style=\"height: 24px;\">\n<td style=\"width: 40%; height: 24px; text-align: center;\">57184<\/td>\n<td style=\"width: 190.274%; height: 72px;\">An der K\u00fcrassierkaserne Pasewalk<\/td>\n<\/tr>\n<tr style=\"background-color: #e7e5ee;\">\n<td style=\"width: 40%; text-align: center; height: 48px;\">57185<\/td>\n<td style=\"width: 190.274%; height: 48px;\">Hotel Villa Knobelsdorff Pasewalk<\/td>\n<\/tr>\n<tr style=\"height: 48px;\">\n<td style=\"width: 40%; text-align: center; height: 48px;\">57186<\/td>\n<td style=\"width: 190.274%; height: 48px;\">Hotel am Park Pasewalk<\/td>\n<\/tr>\n<tr style=\"background-color: #e7e5ee;\">\n<td style=\"width: 40%; text-align: center; height: 24px;\">57187<\/td>\n<td style=\"width: 190.274%; height: 24px;\">Lokschuppen Pasewalk<\/td>\n<\/tr>\n<tr style=\"height: 24px;\">\n<td style=\"width: 40%; text-align: center; height: 24px;\">57190<\/td>\n<td style=\"width: 190.274%; height: 24px;\">Scheune \/ Bollewick<\/td>\n<\/tr>\n<\/tbody>\n<\/table>\n<p>[\/et_pb_text][\/et_pb_column][\/et_pb_row][\/et_pb_section]<\/p>\n","protected":false},"excerpt":{"rendered":"<p>MV-RadLand &nbsp; &nbsp;Entdecken Sie die MV-Rad Stationen im l\u00e4ndlichen Raum.\t\t<div id=\"maps-marker-pro-86bdad1d\" class=\"maps-marker-pro mmp-list-below\" style=\"width: 100%;\">\r\n\t\t\t<div id=\"mmp-map-wrap-86bdad1d\" class=\"mmp-map-wrap\">\r\n\t\t\t\t\t\t\t\t\t<div id=\"mmp-panel-86bdad1d\" class=\"mmp-panel\"><\/div>\r\n\t\t\t\t\t\t\t\t<div id=\"mmp-map-86bdad1d\" class=\"mmp-map\" style=\"height: 600px;\"><\/div>\r\n\t\t\t\t\t\t\t<\/div>\r\n\t\t\t\t\t\t\t<div id=\"mmp-list-86bdad1d\" class=\"mmp-list\" style=\"flex-basis: 400px;\"><\/div>\r\n\t\t\t\t\t<\/div>\r\n\t\t\t\t<div id=\"maps-marker-pro-d0d30011\" class=\"maps-marker-pro mmp-list-below\" style=\"width: 100%;\">\r\n\t\t\t<div id=\"mmp-map-wrap-d0d30011\" class=\"mmp-map-wrap\">\r\n\t\t\t\t\t\t\t\t\t<div id=\"mmp-panel-d0d30011\" class=\"mmp-panel\"><\/div>\r\n\t\t\t\t\t\t\t\t<div id=\"mmp-map-d0d30011\" class=\"mmp-map\" style=\"height: 600px;\"><\/div>\r\n\t\t\t\t\t\t\t<\/div>\r\n\t\t\t\t\t\t\t<div id=\"mmp-list-d0d30011\" class=\"mmp-list\" style=\"flex-basis: 400px;\"><\/div>\r\n\t\t\t\t\t<\/div>\r\n\t\t Stationsnummer Stationsname 57127 Naturcamping Lassan 57129 Hotel Leuchtfeuer Freest 57130 Marina Kr\u00f6slin 57131 Hauptbahnhof Wolgast 57132 Tourismusinformation Ueckerm\u00fcnde 57133 Haffbad Ueckerm\u00fcnde 57134 Tourismusbetrieb M\u00f6nkebude 57135 Philipp-Otto-Runge-Platz Wolgast 57136 Alte Schnitterkate Lassan 57137 Seebr\u00fccke Lubmin 57138 Marina Lubmin 57139 Kurverwaltung Seebad Lubmin 57140 Hafen [&hellip;]<\/p>\n","protected":false},"author":3,"featured_media":0,"parent":0,"menu_order":0,"comment_status":"closed","ping_status":"closed","template":"","meta":{"_et_pb_use_builder":"on","_et_pb_old_content":"","_et_gb_content_width":"","footnotes":""},"class_list":["post-6955","page","type-page","status-publish","hentry"],"_links":{"self":[{"href":"https:\/\/mv-rad.de\/en_gb\/wp-json\/wp\/v2\/pages\/6955","targetHints":{"allow":["GET"]}}],"collection":[{"href":"https:\/\/mv-rad.de\/en_gb\/wp-json\/wp\/v2\/pages"}],"about":[{"href":"https:\/\/mv-rad.de\/en_gb\/wp-json\/wp\/v2\/types\/page"}],"author":[{"embeddable":true,"href":"https:\/\/mv-rad.de\/en_gb\/wp-json\/wp\/v2\/users\/3"}],"replies":[{"embeddable":true,"href":"https:\/\/mv-rad.de\/en_gb\/wp-json\/wp\/v2\/comments?post=6955"}],"version-history":[{"count":31,"href":"https:\/\/mv-rad.de\/en_gb\/wp-json\/wp\/v2\/pages\/6955\/revisions"}],"predecessor-version":[{"id":9430,"href":"https:\/\/mv-rad.de\/en_gb\/wp-json\/wp\/v2\/pages\/6955\/revisions\/9430"}],"wp:attachment":[{"href":"https:\/\/mv-rad.de\/en_gb\/wp-json\/wp\/v2\/media?parent=6955"}],"curies":[{"name":"wp","href":"https:\/\/api.w.org\/{rel}","templated":true}]}}