{"id":6427,"date":"2022-04-06T08:04:27","date_gmt":"2022-04-06T08:04:27","guid":{"rendered":"https:\/\/mv-rad.de\/?page_id=6427"},"modified":"2023-08-11T23:16:35","modified_gmt":"2023-08-11T21:16:35","slug":"reservierung","status":"publish","type":"page","link":"https:\/\/mv-rad.de\/en_gb\/reservierung\/","title":{"rendered":"Booking"},"content":{"rendered":"<p>[et_pb_section fb_built=&#8220;1&#8243; _builder_version=&#8220;4.16.0&#8243; _module_preset=&#8220;default&#8220; global_colors_info=&#8220;{}&#8220;][et_pb_row _builder_version=&#8220;4.16.0&#8243; _module_preset=&#8220;default&#8220; global_colors_info=&#8220;{}&#8220;][et_pb_column type=&#8220;4_4&#8243; _builder_version=&#8220;4.16.0&#8243; _module_preset=&#8220;default&#8220; global_colors_info=&#8220;{}&#8220;][et_pb_text _builder_version=&#8220;4.16.0&#8243; _module_preset=&#8220;default&#8220; global_colors_info=&#8220;{}&#8220;]<\/p>\n<h2 style=\"text-align: center;\">Reservierung<\/h2>\n<p>[\/et_pb_text][et_pb_text _builder_version=&#8220;4.21.0&#8243; _module_preset=&#8220;default&#8220; global_colors_info=&#8220;{}&#8220;]<\/p>\n<p>Wenn Sie Fahrr\u00e4der f\u00fcr Gruppen, spezielle Anl\u00e4sse oder l\u00e4ngere Zeitr\u00e4ume ben\u00f6tigen, dann nutzen Sie unser <a href=\"https:\/\/mv-rad.de\/kontakt\/\">Kontaktformular<\/a> f\u00fcr eine Anfrage. Vielen Dank.<\/p>\n<p>[\/et_pb_text][\/et_pb_column][\/et_pb_row][\/et_pb_section]<\/p>\n","protected":false},"excerpt":{"rendered":"<p>ReservierungWenn Sie Fahrr\u00e4der f\u00fcr Gruppen, spezielle Anl\u00e4sse oder l\u00e4ngere Zeitr\u00e4ume ben\u00f6tigen, dann nutzen Sie unser Kontaktformular f\u00fcr eine Anfrage. Vielen Dank.<\/p>","protected":false},"author":3,"featured_media":0,"parent":0,"menu_order":0,"comment_status":"closed","ping_status":"closed","template":"","meta":{"_et_pb_use_builder":"on","_et_pb_old_content":"","_et_gb_content_width":"","footnotes":""},"class_list":["post-6427","page","type-page","status-publish","hentry"],"_links":{"self":[{"href":"https:\/\/mv-rad.de\/en_gb\/wp-json\/wp\/v2\/pages\/6427","targetHints":{"allow":["GET"]}}],"collection":[{"href":"https:\/\/mv-rad.de\/en_gb\/wp-json\/wp\/v2\/pages"}],"about":[{"href":"https:\/\/mv-rad.de\/en_gb\/wp-json\/wp\/v2\/types\/page"}],"author":[{"embeddable":true,"href":"https:\/\/mv-rad.de\/en_gb\/wp-json\/wp\/v2\/users\/3"}],"replies":[{"embeddable":true,"href":"https:\/\/mv-rad.de\/en_gb\/wp-json\/wp\/v2\/comments?post=6427"}],"version-history":[{"count":6,"href":"https:\/\/mv-rad.de\/en_gb\/wp-json\/wp\/v2\/pages\/6427\/revisions"}],"predecessor-version":[{"id":7528,"href":"https:\/\/mv-rad.de\/en_gb\/wp-json\/wp\/v2\/pages\/6427\/revisions\/7528"}],"wp:attachment":[{"href":"https:\/\/mv-rad.de\/en_gb\/wp-json\/wp\/v2\/media?parent=6427"}],"curies":[{"name":"wp","href":"https:\/\/api.w.org\/{rel}","templated":true}]}}