{"id":6419,"date":"2022-04-06T08:03:37","date_gmt":"2022-04-06T08:03:37","guid":{"rendered":"https:\/\/mv-rad.de\/?page_id=6419"},"modified":"2025-04-11T14:32:29","modified_gmt":"2025-04-11T12:32:29","slug":"registrierung","status":"publish","type":"page","link":"https:\/\/mv-rad.de\/en_gb\/registrierung\/","title":{"rendered":"Registration"},"content":{"rendered":"<p>[et_pb_section fb_built=&#8220;1&#8243; _builder_version=&#8220;4.16.0&#8243; _module_preset=&#8220;default&#8220; global_colors_info=&#8220;{}&#8220;][et_pb_row _builder_version=&#8220;4.21.0&#8243; _module_preset=&#8220;default&#8220; global_colors_info=&#8220;{}&#8220;][et_pb_column type=&#8220;4_4&#8243; _builder_version=&#8220;4.21.0&#8243; _module_preset=&#8220;default&#8220; global_colors_info=&#8220;{}&#8220;][et_pb_text _builder_version=&#8220;4.27.4&#8243; _module_preset=&#8220;default&#8220; hover_enabled=&#8220;0&#8243; sticky_enabled=&#8220;0&#8243;]<\/p>\n<h2 style=\"text-align: center;\">Registrierung<\/h2>\n<p>[\/et_pb_text][et_pb_text _builder_version=&#8220;4.27.4&#8243; _module_preset=&#8220;default&#8220; hover_enabled=&#8220;0&#8243; sticky_enabled=&#8220;0&#8243;]<\/p>\n<p>Um das innovative und kosteng\u00fcnstige Angebot von MV-Rad optimal nutzen zu k\u00f6nnen, haben Sie die M\u00f6glichkeit, sich \u00fcber die MV-Rad App zu registrieren. Der Vorgang bei MV-Rad ist ganz unkompliziert.<\/p>\n<p>[\/et_pb_text][et_pb_button button_url=&#8220;https:\/\/mv-rad.app\/&#8220; button_text=&#8220;registrierung per App&#8220; button_alignment=&#8220;center&#8220; admin_label=&#8220;pedelec&#8220; _builder_version=&#8220;4.27.4&#8243; _module_preset=&#8220;fd4cbe8d-44bb-4497-977d-4a9151abc25c&#8220; custom_button=&#8220;on&#8220; button_text_size=&#8220;14px&#8220; button_bg_color=&#8220;#1c4982&#8243; button_border_width=&#8220;0px&#8220; button_border_radius=&#8220;0px&#8220; button_letter_spacing=&#8220;2px&#8220; button_font=&#8220;|700||on|||||&#8220; background_layout=&#8220;dark&#8220; custom_padding=&#8220;14px|35px|14px|35px|true|true&#8220; custom_padding_tablet=&#8220;12px|30px|12px|30px|true|true&#8220; custom_padding_phone=&#8220;10px|20px|10px|20px|true|true&#8220; custom_padding_last_edited=&#8220;on|phone&#8220; animation_style=&#8220;fade&#8220; animation_duration=&#8220;2550ms&#8220; hover_enabled=&#8220;0&#8243; button_text_size_tablet=&#8220;13px&#8220; button_text_size_phone=&#8220;12px&#8220; button_text_size_last_edited=&#8220;on|tablet&#8220; locked=&#8220;off&#8220; global_colors_info=&#8220;{}&#8220; button_bg_color__hover=&#8220;#009fe3&#8243; button_bg_color__hover_enabled=&#8220;on|desktop&#8220; button_bg_enable_color__hover=&#8220;on&#8220; url_new_window=&#8220;on&#8220; sticky_enabled=&#8220;0&#8243;][\/et_pb_button][\/et_pb_column][\/et_pb_row][\/et_pb_section]<\/p>\n","protected":false},"excerpt":{"rendered":"<p>RegistrierungUm das innovative und kosteng\u00fcnstige Angebot von MV-Rad optimal nutzen zu k\u00f6nnen, haben Sie die M\u00f6glichkeit, sich \u00fcber die MV-Rad App zu registrieren. Der Vorgang bei MV-Rad ist ganz unkompliziert.<\/p>","protected":false},"author":3,"featured_media":0,"parent":0,"menu_order":0,"comment_status":"closed","ping_status":"closed","template":"","meta":{"_et_pb_use_builder":"on","_et_pb_old_content":"","_et_gb_content_width":"","footnotes":""},"class_list":["post-6419","page","type-page","status-publish","hentry"],"_links":{"self":[{"href":"https:\/\/mv-rad.de\/en_gb\/wp-json\/wp\/v2\/pages\/6419","targetHints":{"allow":["GET"]}}],"collection":[{"href":"https:\/\/mv-rad.de\/en_gb\/wp-json\/wp\/v2\/pages"}],"about":[{"href":"https:\/\/mv-rad.de\/en_gb\/wp-json\/wp\/v2\/types\/page"}],"author":[{"embeddable":true,"href":"https:\/\/mv-rad.de\/en_gb\/wp-json\/wp\/v2\/users\/3"}],"replies":[{"embeddable":true,"href":"https:\/\/mv-rad.de\/en_gb\/wp-json\/wp\/v2\/comments?post=6419"}],"version-history":[{"count":12,"href":"https:\/\/mv-rad.de\/en_gb\/wp-json\/wp\/v2\/pages\/6419\/revisions"}],"predecessor-version":[{"id":9461,"href":"https:\/\/mv-rad.de\/en_gb\/wp-json\/wp\/v2\/pages\/6419\/revisions\/9461"}],"wp:attachment":[{"href":"https:\/\/mv-rad.de\/en_gb\/wp-json\/wp\/v2\/media?parent=6419"}],"curies":[{"name":"wp","href":"https:\/\/api.w.org\/{rel}","templated":true}]}}