{"id":127,"date":"2021-09-21T10:40:59","date_gmt":"2021-09-21T10:40:59","guid":{"rendered":"https:\/\/mv-rad.de\/?page_id=127"},"modified":"2023-08-11T23:38:36","modified_gmt":"2023-08-11T21:38:36","slug":"ueber-mv-rad","status":"publish","type":"page","link":"https:\/\/mv-rad.de\/en_gb\/ueber-mv-rad\/","title":{"rendered":"About MV-Rad"},"content":{"rendered":"<p>[et_pb_section fb_built=&#8220;1&#8243; custom_padding_last_edited=&#8220;on|phone&#8220; admin_label=&#8220;Header&#8220; _builder_version=&#8220;4.16&#8243; _module_preset=&#8220;default&#8220; use_background_color_gradient=&#8220;on&#8220; background_color_gradient_stops=&#8220;rgba(18,17,93,0.4) 0%|rgba(18,17,93,0.4) 100%&#8220; background_color_gradient_start=&#8220;rgba(18,17,93,0.4)&#8220; background_color_gradient_end=&#8220;rgba(18,17,93,0.4)&#8220; background_image=&#8220;https:\/\/mv-rad.de\/wp-content\/uploads\/2021\/09\/DSC01491_EO_bearb_web-1.gif&#8220; custom_padding=&#8220;120px||120px||true|false&#8220; custom_padding_tablet=&#8220;100px||100px||true|false&#8220; custom_padding_phone=&#8220;80px||80px||true|false&#8220; locked=&#8220;off&#8220; global_colors_info=&#8220;{}&#8220;][et_pb_row _builder_version=&#8220;4.16&#8243; _module_preset=&#8220;default&#8220; global_colors_info=&#8220;{}&#8220;][et_pb_column type=&#8220;4_4&#8243; _builder_version=&#8220;4.16&#8243; _module_preset=&#8220;default&#8220; global_colors_info=&#8220;{}&#8220;][et_pb_text _builder_version=&#8220;4.21.0&#8243; _module_preset=&#8220;d72c0383-6487-4f2c-ac5c-7d48a6376757&#8243; header_font=&#8220;Playfair Display||||||||&#8220; header_text_align=&#8220;left&#8220; header_text_color=&#8220;#1c4982&#8243; header_font_size=&#8220;115px&#8220; background_color=&#8220;rgba(255,255,255,0.5)&#8220; width=&#8220;92%&#8220; width_tablet=&#8220;85%&#8220; width_phone=&#8220;90%&#8220; width_last_edited=&#8220;on|tablet&#8220; height=&#8220;125px&#8220; height_tablet=&#8220;85px&#8220; height_phone=&#8220;70px&#8220; height_last_edited=&#8220;on|phone&#8220; custom_margin=&#8220;||0px||false|false&#8220; custom_margin_tablet=&#8220;&#8220; custom_margin_phone=&#8220;0px||0px||false|false&#8220; custom_margin_last_edited=&#8220;on|phone&#8220; custom_padding=&#8220;0px||0px|20px|false|false&#8220; custom_padding_tablet=&#8220;&#8220; custom_padding_phone=&#8220;15px||||false|false&#8220; custom_padding_last_edited=&#8220;on|phone&#8220; animation_direction=&#8220;top&#8220; header_font_size_tablet=&#8220;10vw&#8220; header_font_size_phone=&#8220;&#8220; header_font_size_last_edited=&#8220;on|phone&#8220; header_text_shadow_style=&#8220;preset1&#8243; header_text_shadow_horizontal_length=&#8220;0.02em&#8220; header_text_shadow_vertical_length=&#8220;0.01em&#8220; header_text_shadow_blur_strength=&#8220;0.04em&#8220; header_text_shadow_color=&#8220;rgba(0,0,0,0.15)&#8220; global_colors_info=&#8220;{}&#8220; custom_margin__hover_enabled=&#8220;off|desktop&#8220;]<\/p>\n<h1>\u00dcber MV-Rad<\/h1>\n<p>&nbsp;<\/p>\n<p>&nbsp;<\/p>\n<p>[\/et_pb_text][\/et_pb_column][\/et_pb_row][et_pb_row column_structure=&#8220;3_5,2_5&#8243; use_custom_gutter=&#8220;on&#8220; gutter_width=&#8220;1&#8243; make_equal=&#8220;on&#8220; _builder_version=&#8220;4.16&#8243; _module_preset=&#8220;default&#8220; custom_padding=&#8220;0px||0px||true|false&#8220; border_width_all=&#8220;2px&#8220; border_color_all=&#8220;#FFFFFF&#8220; global_colors_info=&#8220;{}&#8220;][et_pb_column type=&#8220;3_5&#8243; _builder_version=&#8220;4.16&#8243; _module_preset=&#8220;default&#8220; background_color=&#8220;rgba(255,255,255,0.55)&#8220; custom_padding=&#8220;80px|60px|80px|60px|true|true&#8220; custom_padding_tablet=&#8220;40px|30px|40px|30px|true|true&#8220; custom_padding_phone=&#8220;|20px||20px|true|true&#8220; custom_padding_last_edited=&#8220;on|tablet&#8220; global_colors_info=&#8220;{}&#8220;][et_pb_text _builder_version=&#8220;4.16&#8243; _module_preset=&#8220;32021f09-dd67-47fb-8f9a-832b72a38baf&#8220; header_text_color=&#8220;#FFFFFF&#8220; header_2_font=&#8220;Playfair Display|700|||||||&#8220; header_2_text_color=&#8220;#1c4982&#8243; header_2_font_size=&#8220;60px&#8220; header_2_line_height=&#8220;1.1em&#8220; custom_margin=&#8220;||10px||false|false&#8220; animation_direction=&#8220;left&#8220; header_2_font_size_tablet=&#8220;35px&#8220; header_2_font_size_phone=&#8220;22px&#8220; header_2_font_size_last_edited=&#8220;on|phone&#8220; locked=&#8220;off&#8220; global_colors_info=&#8220;{}&#8220;]<\/p>\n<h2>Fahrradverleih\u00a0 mit System seit 2011<\/h2>\n<p>[\/et_pb_text][\/et_pb_column][et_pb_column type=&#8220;2_5&#8243; _builder_version=&#8220;4.16&#8243; _module_preset=&#8220;default&#8220; background_color=&#8220;#FFFFFF&#8220; custom_padding=&#8220;80px|60px|80px|60px|true|true&#8220; custom_padding_tablet=&#8220;40px|30px|40px|30px|true|true&#8220; custom_padding_phone=&#8220;|20px||20px|true|true&#8220; custom_padding_last_edited=&#8220;on|desktop&#8220; global_colors_info=&#8220;{}&#8220;][et_pb_text _builder_version=&#8220;4.16&#8243; _module_preset=&#8220;aec0be99-8a53-4f75-abf2-64f29a8b4cc2&#8243; text_font=&#8220;Merriweather||||||||&#8220; text_text_color=&#8220;#000000&#8243; text_font_size=&#8220;18px&#8220; text_line_height=&#8220;2em&#8220; text_font_size_tablet=&#8220;16px&#8220; text_font_size_phone=&#8220;12px&#8220; text_font_size_last_edited=&#8220;on|phone&#8220; locked=&#8220;off&#8220; global_colors_info=&#8220;{}&#8220;]<\/p>\n<p>Mieten Sie Ihr Rad bei den Experten f\u00fcr Fahrradverleih in Mecklenburg-Vorpommern<\/p>\n<p>[\/et_pb_text][et_pb_button button_text=&#8220;Ihre Vorteile&#8220; _builder_version=&#8220;4.16&#8243; _module_preset=&#8220;fd4cbe8d-44bb-4497-977d-4a9151abc25c&#8220; custom_button=&#8220;on&#8220; button_text_size=&#8220;14px&#8220; button_bg_color=&#8220;#1c4982&#8243; button_border_width=&#8220;0px&#8220; button_border_radius=&#8220;0px&#8220; button_letter_spacing=&#8220;2px&#8220; button_font=&#8220;|700||on|||||&#8220; background_layout=&#8220;dark&#8220; custom_margin=&#8220;35px|||||&#8220; custom_padding=&#8220;14px|35px|14px|35px|true|true&#8220; custom_padding_tablet=&#8220;12px|30px|12px|30px|true|true&#8220; custom_padding_phone=&#8220;10px|20px|10px|20px|true|true&#8220; custom_padding_last_edited=&#8220;on|phone&#8220; button_text_size_tablet=&#8220;13px&#8220; button_text_size_phone=&#8220;12px&#8220; button_text_size_last_edited=&#8220;on|tablet&#8220; locked=&#8220;off&#8220; global_colors_info=&#8220;{}&#8220; button_bg_color__hover=&#8220;#000000&#8243; button_bg_color__hover_enabled=&#8220;on|desktop&#8220;][\/et_pb_button][\/et_pb_column][\/et_pb_row][\/et_pb_section][et_pb_section fb_built=&#8220;1&#8243; admin_label=&#8220;Mission&#8220; _builder_version=&#8220;4.16&#8243; _module_preset=&#8220;default&#8220; locked=&#8220;off&#8220; global_colors_info=&#8220;{}&#8220;][et_pb_row column_structure=&#8220;1_2,1_2&#8243; _builder_version=&#8220;4.16.1&#8243; _module_preset=&#8220;default&#8220; global_colors_info=&#8220;{}&#8220;][et_pb_column type=&#8220;1_2&#8243; _builder_version=&#8220;4.16&#8243; _module_preset=&#8220;default&#8220; global_colors_info=&#8220;{}&#8220;][et_pb_text _builder_version=&#8220;4.16.0&#8243; _module_preset=&#8220;32021f09-dd67-47fb-8f9a-832b72a38baf&#8220; header_2_font=&#8220;Playfair Display|700|||||||&#8220; header_2_text_color=&#8220;gcid-c9411f34-b37e-4feb-a841-9533663e2403&#8243; header_2_font_size=&#8220;60px&#8220; header_2_line_height=&#8220;1.1em&#8220; custom_margin=&#8220;||10px||false|false&#8220; animation_direction=&#8220;left&#8220; header_2_font_size_tablet=&#8220;35px&#8220; header_2_font_size_phone=&#8220;22px&#8220; header_2_font_size_last_edited=&#8220;on|phone&#8220; locked=&#8220;off&#8220; global_colors_info=&#8220;{}&#8220;]<\/p>\n<h2>Unsere Mission und Werte<\/h2>\n<p>[\/et_pb_text][et_pb_text _builder_version=&#8220;4.16.1&#8243; _module_preset=&#8220;16a54059-cc81-4572-9c70-eda6a6c419bf&#8220; text_text_color=&#8220;rgba(0,0,0,0.8)&#8220; text_font_size=&#8220;16px&#8220; text_line_height=&#8220;1.8em&#8220; text_orientation=&#8220;justified&#8220; custom_padding=&#8220;||0px|||&#8220; text_font_size_tablet=&#8220;15px&#8220; text_font_size_phone=&#8220;13px&#8220; text_font_size_last_edited=&#8220;on|phone&#8220; header_font_size_tablet=&#8220;55px&#8220; header_font_size_last_edited=&#8220;off|desktop&#8220; locked=&#8220;off&#8220; global_colors_info=&#8220;{}&#8220;]<\/p>\n<p>Seit \u00fcber 10 Jahren betreiben wir Fahrradverleihsysteme. Das System UsedomRad, hervorgegangen aus einem F\u00f6rderprojekt des Bundes, zu Anfang realisiert in der engen Zusammenarbeit des Landkreises, 10 Fahrradverleih Unternehmen und einigen engagierten Privatunternehmen auf der Insel Usedom und dem direkt angrenzenden Festland.<\/p>\n<p>Im Laufe der Zeit, sich st\u00e4ndig weiter entwickelnd, wachsend und sich gleichzeitig in der Gesellschafterstruktur verschlankend. Dies und die enge, bis zum heutigen Tag gut funktionierende Zusammenarbeit mit dem Systemgeber Nextbike haben dazu gef\u00fchrt, schon l\u00e4ngere \u00dcberlegungen unsererseits, sich \u00fcber ganz Mecklenburg-Vorpommern ausdehnen zu wollen, tats\u00e4chlich in eine Realisierungsphase zu \u00fcberf\u00fchren.<\/p>\n<p>Sehr enge Kontakte zum Land, sehr viel Zuspruch von dort, erneute F\u00f6rderm\u00f6glichkeiten f\u00fcr ein hochmodernes Pedelec- und LastenRad System durch Land und Bund haben uns mutig gemacht und \u00fcberzeugt, dass der Zeitpunkt f\u00fcr die Ausdehnung genau der richtige ist.<\/p>\n<p>Das Jahr 2022 wird f\u00fcr die UsedomRad GmbH und seiner zuk\u00fcnftigen Muttergesellschaft die MV-Rad GmbH eine Zeitenwende einl\u00e4uten. Zusammen mit Nextbike, Maris Media, einer Reihe von Kommunen und dem Deutschen Jugendherbergsverband MV sind wir erfolgreich an den Start gegangen.<\/p>\n<p>Die erste eigenst\u00e4ndige Destination StadtRad-Greifswald und die Ausdehnung von MV-Rad auf nahezu alle Jugendherbergen in MV ist gelungen und funktioniert reibungslos. Zusammen mit unseren bekannten Premiumpartnern, deren finanzielle Unterst\u00fctzung und Zuspruch haben das m\u00f6glich gemacht.<\/p>\n<p>Mit ihnen und hoffentlich noch dem ein oder anderen neuen Partner werden wir diesen Weg zielstrebig weiterverfolgen.<\/p>\n<p>Gerne mit ihrem Wohlwollen und ihrer ausdr\u00fccklichen Unterst\u00fctzung.<\/p>\n<p>&nbsp;<\/p>\n<p>Die Gesch\u00e4ftsf\u00fchrung<\/p>\n<p>MV-Rad GmbH<\/p>\n<p>&nbsp;<\/p>\n<p>[\/et_pb_text][\/et_pb_column][et_pb_column type=&#8220;1_2&#8243; _builder_version=&#8220;4.16&#8243; _module_preset=&#8220;default&#8220; global_colors_info=&#8220;{}&#8220;][et_pb_blurb title=&#8220;Erstklassiger Service&#8220; image=&#8220;https:\/\/mv-rad.de\/wp-content\/uploads\/2021\/09\/marina-14.png&#8220; icon_placement=&#8220;left&#8220; image_icon_width=&#8220;48px&#8220; content_max_width=&#8220;100%&#8220; icon_placement_tablet=&#8220;&#8220; icon_placement_phone=&#8220;top&#8220; icon_placement_last_edited=&#8220;on|phone&#8220; image_icon_width_tablet=&#8220;48px&#8220; image_icon_width_phone=&#8220;40px&#8220; image_icon_width_last_edited=&#8220;on|phone&#8220; _builder_version=&#8220;4.16.1&#8243; _module_preset=&#8220;5635b989-66d4-4674-b533-7c2fe71428fb&#8220; header_font=&#8220;Playfair Display|700|||||||&#8220; header_text_color=&#8220;gcid-c9411f34-b37e-4feb-a841-9533663e2403&#8243; header_font_size=&#8220;25px&#8220; header_line_height=&#8220;1.4em&#8220; body_text_color=&#8220;rgba(0,0,0,0.7)&#8220; body_line_height=&#8220;2em&#8220; image_icon_custom_padding_tablet=&#8220;&#8220; image_icon_custom_padding_phone=&#8220;&#8220; image_icon_custom_padding_last_edited=&#8220;on|phone&#8220; header_font_size_tablet=&#8220;20px&#8220; header_font_size_phone=&#8220;18px&#8220; header_font_size_last_edited=&#8220;on|phone&#8220; border_width_all_image_tablet=&#8220;&#8220; border_width_all_image_phone=&#8220;&#8220; border_width_all_image_last_edited=&#8220;on|phone&#8220; image_max_width=&#8220;48px&#8220; image_max_width_tablet=&#8220;&#8220; image_max_width_phone=&#8220;40px&#8220; image_max_width_last_edited=&#8220;on|phone&#8220; locked=&#8220;off&#8220; global_colors_info=&#8220;{}&#8220;]<\/p>\n<p>Unsere freundlichen Mitarbeiter besitzen hohes Fachwissen und eine Menge Erfahrung um in jeder Situation Ihnen zur Seite zu stehen. <\/p>\n<p>[\/et_pb_blurb][et_pb_blurb title=&#8220;Breite Zug\u00e4nglichkeit&#8220; image=&#8220;https:\/\/mv-rad.de\/wp-content\/uploads\/2021\/09\/marina-12.png&#8220; icon_placement=&#8220;left&#8220; image_icon_width=&#8220;48px&#8220; content_max_width=&#8220;100%&#8220; icon_placement_tablet=&#8220;&#8220; icon_placement_phone=&#8220;top&#8220; icon_placement_last_edited=&#8220;on|phone&#8220; image_icon_width_tablet=&#8220;48px&#8220; image_icon_width_phone=&#8220;40px&#8220; image_icon_width_last_edited=&#8220;on|phone&#8220; _builder_version=&#8220;4.16.1&#8243; _module_preset=&#8220;5635b989-66d4-4674-b533-7c2fe71428fb&#8220; header_font=&#8220;Playfair Display|700|||||||&#8220; header_text_color=&#8220;gcid-c9411f34-b37e-4feb-a841-9533663e2403&#8243; header_font_size=&#8220;25px&#8220; header_line_height=&#8220;1.4em&#8220; body_text_color=&#8220;rgba(0,0,0,0.7)&#8220; body_line_height=&#8220;2em&#8220; image_icon_custom_padding_tablet=&#8220;&#8220; image_icon_custom_padding_phone=&#8220;&#8220; image_icon_custom_padding_last_edited=&#8220;on|phone&#8220; header_font_size_tablet=&#8220;20px&#8220; header_font_size_phone=&#8220;18px&#8220; header_font_size_last_edited=&#8220;on|phone&#8220; border_width_all_image_tablet=&#8220;&#8220; border_width_all_image_phone=&#8220;&#8220; border_width_all_image_last_edited=&#8220;on|phone&#8220; image_max_width=&#8220;48px&#8220; image_max_width_tablet=&#8220;&#8220; image_max_width_phone=&#8220;40px&#8220; image_max_width_last_edited=&#8220;on|phone&#8220; locked=&#8220;off&#8220; global_colors_info=&#8220;{}&#8220;]<\/p>\n<p>Aufgrund des gut ausgebauten Netzes von Verleihstationen kann man fast \u00fcberall ein MV-Rad ausleihen. Ein besonderer Vorteil ist die R\u00fcckgabe an jeder beliebigen Station.<\/p>\n<p>[\/et_pb_blurb][et_pb_blurb title=&#8220;Zufriedene Benutzer&#8220; image=&#8220;https:\/\/mv-rad.de\/wp-content\/uploads\/2021\/09\/marina-13.png&#8220; icon_placement=&#8220;left&#8220; image_icon_width=&#8220;48px&#8220; content_max_width=&#8220;100%&#8220; icon_placement_tablet=&#8220;&#8220; icon_placement_phone=&#8220;top&#8220; icon_placement_last_edited=&#8220;on|phone&#8220; image_icon_width_tablet=&#8220;48px&#8220; image_icon_width_phone=&#8220;40px&#8220; image_icon_width_last_edited=&#8220;on|phone&#8220; _builder_version=&#8220;4.16.1&#8243; _module_preset=&#8220;5635b989-66d4-4674-b533-7c2fe71428fb&#8220; header_font=&#8220;Playfair Display|700|||||||&#8220; header_text_color=&#8220;gcid-c9411f34-b37e-4feb-a841-9533663e2403&#8243; header_font_size=&#8220;25px&#8220; header_line_height=&#8220;1.4em&#8220; body_text_color=&#8220;rgba(0,0,0,0.7)&#8220; body_line_height=&#8220;2em&#8220; image_icon_custom_padding_tablet=&#8220;&#8220; image_icon_custom_padding_phone=&#8220;&#8220; image_icon_custom_padding_last_edited=&#8220;on|phone&#8220; header_font_size_tablet=&#8220;20px&#8220; header_font_size_phone=&#8220;18px&#8220; header_font_size_last_edited=&#8220;on|phone&#8220; border_width_all_image_tablet=&#8220;&#8220; border_width_all_image_phone=&#8220;&#8220; border_width_all_image_last_edited=&#8220;on|phone&#8220; image_max_width=&#8220;48px&#8220; image_max_width_tablet=&#8220;&#8220; image_max_width_phone=&#8220;40px&#8220; image_max_width_last_edited=&#8220;on|phone&#8220; locked=&#8220;off&#8220; global_colors_info=&#8220;{}&#8220;]<\/p>\n<p>Mit einer Registrierung kann man beliebig oft ein Rad ausleihen. Zahlreiche Nutzer greifen wieder zu einem MV-Rad, da die R\u00e4der sehr hochwertig und immer gut in Schuss sind,<\/p>\n<p>[\/et_pb_blurb][\/et_pb_column][\/et_pb_row][\/et_pb_section]<\/p>\n","protected":false},"excerpt":{"rendered":"<p>\u00dcber MV-Rad &nbsp; &nbsp;Fahrradverleih\u00a0 mit System seit 2011Mieten Sie Ihr Rad bei den Experten f\u00fcr Fahrradverleih in Mecklenburg-VorpommernUnsere Mission und WerteSeit \u00fcber 10 Jahren betreiben wir Fahrradverleihsysteme. Das System UsedomRad, hervorgegangen aus einem F\u00f6rderprojekt des Bundes, zu Anfang realisiert in der engen Zusammenarbeit des Landkreises, 10 Fahrradverleih Unternehmen und einigen engagierten Privatunternehmen auf der Insel [&hellip;]<\/p>\n","protected":false},"author":3,"featured_media":0,"parent":0,"menu_order":0,"comment_status":"closed","ping_status":"closed","template":"","meta":{"_et_pb_use_builder":"on","_et_pb_old_content":"","_et_gb_content_width":"","footnotes":""},"class_list":["post-127","page","type-page","status-publish","hentry"],"_links":{"self":[{"href":"https:\/\/mv-rad.de\/en_gb\/wp-json\/wp\/v2\/pages\/127","targetHints":{"allow":["GET"]}}],"collection":[{"href":"https:\/\/mv-rad.de\/en_gb\/wp-json\/wp\/v2\/pages"}],"about":[{"href":"https:\/\/mv-rad.de\/en_gb\/wp-json\/wp\/v2\/types\/page"}],"author":[{"embeddable":true,"href":"https:\/\/mv-rad.de\/en_gb\/wp-json\/wp\/v2\/users\/3"}],"replies":[{"embeddable":true,"href":"https:\/\/mv-rad.de\/en_gb\/wp-json\/wp\/v2\/comments?post=127"}],"version-history":[{"count":23,"href":"https:\/\/mv-rad.de\/en_gb\/wp-json\/wp\/v2\/pages\/127\/revisions"}],"predecessor-version":[{"id":7886,"href":"https:\/\/mv-rad.de\/en_gb\/wp-json\/wp\/v2\/pages\/127\/revisions\/7886"}],"wp:attachment":[{"href":"https:\/\/mv-rad.de\/en_gb\/wp-json\/wp\/v2\/media?parent=127"}],"curies":[{"name":"wp","href":"https:\/\/api.w.org\/{rel}","templated":true}]}}